{"id":993,"date":"2023-04-25T19:17:22","date_gmt":"2023-04-25T17:17:22","guid":{"rendered":"http:\/\/52foilboards.com\/?page_id=993"},"modified":"2025-11-09T21:00:36","modified_gmt":"2025-11-09T20:00:36","slug":"swell-chaser","status":"publish","type":"page","link":"https:\/\/52foilboards.com\/index.php\/swell-chaser\/","title":{"rendered":"Swell Chaser"},"content":{"rendered":"\n<div class=\"alignnormal\"><div id=\"metaslider-id-994\" style=\"max-width: 1600px;\" class=\"ml-slider-3-20-3 metaslider metaslider-nivo metaslider-994 ml-slider\">\n    <div id=\"metaslider_container_994\">\n        <div class='slider-wrapper theme-default'><div class='ribbon'><\/div><div id='metaslider_994' class='nivoSlider'><img src=\"https:\/\/52foilboards.com\/wp-content\/uploads\/2023\/04\/swell-chaser-visuel-v1md.jpg\" height=\"800\" width=\"1600\" title=\"swell chaser visuel v1md\" alt=\"\" class=\"slider-994 slide-996\" \/><img src=\"https:\/\/52foilboards.com\/wp-content\/uploads\/2023\/04\/LN5_6770md.jpg\" height=\"800\" width=\"1600\" title=\"LN5_6770md\" alt=\"\" class=\"slider-994 slide-1009\" \/><img src=\"https:\/\/52foilboards.com\/wp-content\/uploads\/2023\/04\/LN4_6766md.jpg\" height=\"800\" width=\"1600\" title=\"LN4_6766md\" alt=\"\" class=\"slider-994 slide-1007\" \/><img src=\"https:\/\/52foilboards.com\/wp-content\/uploads\/2023\/04\/LN5_6352md.jpg\" height=\"800\" width=\"1600\" title=\"LN5_6352md\" alt=\"\" class=\"slider-994 slide-1028\" \/><img src=\"https:\/\/52foilboards.com\/wp-content\/uploads\/2023\/04\/LN5_6790md.jpg\" height=\"800\" width=\"1600\" title=\"LN5_6790md\" alt=\"\" class=\"slider-994 slide-1010\" \/><img src=\"https:\/\/52foilboards.com\/wp-content\/uploads\/2023\/04\/LN4_6764md.jpg\" height=\"800\" width=\"1600\" title=\"LN4_6764md\" alt=\"\" class=\"slider-994 slide-1005\" \/><img src=\"https:\/\/52foilboards.com\/wp-content\/uploads\/2023\/04\/LN5_6873md-scaled-1600x800.jpg\" height=\"800\" width=\"1600\" title=\"LN5_6873md\" alt=\"\" class=\"slider-994 slide-1029\" \/><img src=\"https:\/\/52foilboards.com\/wp-content\/uploads\/2023\/04\/LN5_6765md.jpg\" height=\"800\" width=\"1600\" title=\"LN5_6765md\" alt=\"\" class=\"slider-994 slide-1008\" \/><\/div><\/div>\n        \n    <\/div>\n<\/div><\/div>\n\n\n\n<p>Sans doute notre mod\u00e8le le plus iconique, la <strong>Swell Chaser<\/strong> est l\u2019arme ultime pour le downwind mais \u00e9galement une planche appr\u00e9ci\u00e9e par certains riders dans les petites conditions de vagues (SUP-foil) et de vent (Wing). <\/p>\n\n\n\n<p>L&#8217;outline fin et allong\u00e9 de ce mod\u00e8le, offre <strong>une meilleure vitesse de rame<\/strong> , un \u00e9l\u00e9ment cl\u00e9 pour bien partir m\u00eame dans les conditions tr\u00e8s oc\u00e9aniques o\u00f9 les gros bumps (clapots) sont g\u00e9n\u00e9ralement crois\u00e9s avec de la houle longue (au d\u00e9placement plus rapide). L\u2019autre int\u00e9r\u00eat de la Swell Chaser r\u00e9side \u00e9galement dans le fait de <strong>pouvoir d\u00e9coller plus facilement des foils plus petits et plus techniques <\/strong>qui seront particuli\u00e8rement efficaces dans les gros bumps oc\u00e9aniques.<\/p>\n\n\n\n<p>Son <strong>pont plat <\/strong>permet un positionnement intuitif des pieds sur la planche m\u00eame de faible largeur, am\u00e9liorant ainsi le confort des appuis durant les phases de rame et de vol.<\/p>\n\n\n\n<p><strong>Le rocker plus marqu\u00e9<\/strong> sur ce mod\u00e8le, a \u00e9t\u00e9 particuli\u00e8rement optimis\u00e9 dans le but de pouvoir attaquer en tout s\u00e9r\u00e9nit\u00e9 des grosses pentes que l\u2019on peut rencontrer dans des conditions solides !<\/p>\n\n\n\n<p>Relativement \u00e9troite mais assez stable \u00e0 la rame gr\u00e2ce \u00e0 ses rails tr\u00e8s carr\u00e9s et sa car\u00e8ne adapt\u00e9e, cette longue planche reste en l&#8217;air assez joueuse et facile.  <strong>Sa faible largeur am\u00e9liore fortement sa maniabilit\u00e9<\/strong> en permettant des prises d&#8217;angles rapides et des trajectoires tr\u00e8s serr\u00e9es , que cela soit en downwind ou m\u00eame dans les vagues.<\/p>\n\n\n\n<p>En adaptant les dimensions (avec plus de volume et largeur), la Swell Chaser sera l&#8217;\u00e9quipement id\u00e9al <strong>pour d\u00e9buter en downwind<\/strong> afin de progresser a vitesse grand V en associant confort et performance. <\/p>\n\n\n\n<p>Comme sur tous nos mod\u00e8les, la car\u00e8ne au niveau des bo\u00eetiers US est plate (sans rocker), afin de garantir une position totalement neutre du foil. <strong>Les boitiers US de la Swell Chaser ont \u00e9t\u00e9 l\u00e9g\u00e8rement avanc\u00e9s et sont aussi plus longs (16\u2019\u2019)<\/strong> afin de proposer une plus grande marge de r\u00e9glages selon le mod\u00e8le de foil utilis\u00e9 et optimiser ainsi les petites surfaces d\u2019ailes pour les experts.<\/p>\n\n\n\n<ul><li>Grip int\u00e9gral fourni.<\/li><li>Couleur de la planche personnalisable ( option 2 couleurs: +15 \u20ac TTC ; trois couleurs: +25 \u20ac TTC; 1 couleur fluo: +50 \u20acTTC; carbone apparent: +30 \u20ac TTC).<\/li><\/ul>\n\n\n\n<p>Voici nos mod\u00e8les les plus populaires \u00e0 titre indicatif, chaque planche est con\u00e7ue sur-mesure et adapt\u00e9e au profil de son utilisateur :<\/p>\n\n\n\n<p>7\u20190 x 19&#8221; x 5.3&#8221; (95L) &#8211; 7\u20192 x 20&#8221; x 5.3&#8221; (102L) &#8211; 7\u20194 x 23&#8221; x 5.4&#8221; (122L) &#8211; 7\u20196 x 23&#8221; x 5.4&#8221; (128L)<\/p>\n\n\n\n<p><strong>Tarif : 1790 \u20ac TTC<\/strong> <strong>(7&#8217;0 \u00e0 8&#8217;6)<\/strong><\/p>\n\n\n\n<p>Livraison France m\u00e9tropolitaine : +60 \u20ac TTC  <\/p>\n\n\n\n<p>Autres livraisons: nous consulter pour un devis.<\/p>\n\n\n\n<div class=\"wp-block-image\"><figure class=\"aligncenter size-large is-resized\"><img loading=\"lazy\" src=\"http:\/\/52foilboards.com\/wp-content\/uploads\/2025\/02\/visuel-swell-general-v2-1024x364.jpg\" alt=\"\" class=\"wp-image-1164\" width=\"1377\" height=\"489\" srcset=\"https:\/\/52foilboards.com\/wp-content\/uploads\/2025\/02\/visuel-swell-general-v2-1024x364.jpg 1024w, https:\/\/52foilboards.com\/wp-content\/uploads\/2025\/02\/visuel-swell-general-v2-300x107.jpg 300w, https:\/\/52foilboards.com\/wp-content\/uploads\/2025\/02\/visuel-swell-general-v2-768x273.jpg 768w, https:\/\/52foilboards.com\/wp-content\/uploads\/2025\/02\/visuel-swell-general-v2-1536x546.jpg 1536w, https:\/\/52foilboards.com\/wp-content\/uploads\/2025\/02\/visuel-swell-general-v2-228x81.jpg 228w, https:\/\/52foilboards.com\/wp-content\/uploads\/2025\/02\/visuel-swell-general-v2.jpg 1600w\" sizes=\"(max-width: 1377px) 100vw, 1377px\" \/><\/figure><\/div>\n","protected":false},"excerpt":{"rendered":"<p>Sans doute notre mod\u00e8le le plus iconique, la Swell Chaser est l\u2019arme ultime pour le downwind mais \u00e9galement une planche appr\u00e9ci\u00e9e par certains riders dans les petites conditions de vagues (SUP-foil) et de vent (Wing). L&#8217;outline fin et allong\u00e9 de ce mod\u00e8le, offre une meilleure vitesse de rame , un \u00e9l\u00e9ment cl\u00e9 pour bien partir m\u00eame dans les conditions tr\u00e8s oc\u00e9aniques o\u00f9 les gros bumps (clapots) sont g\u00e9n\u00e9ralement crois\u00e9s avec de la houle longue (au d\u00e9placement plus rapide). L\u2019autre int\u00e9r\u00eat&hellip;<\/p>\n","protected":false},"author":1,"featured_media":0,"parent":0,"menu_order":0,"comment_status":"closed","ping_status":"closed","template":"","meta":[],"_links":{"self":[{"href":"https:\/\/52foilboards.com\/index.php\/wp-json\/wp\/v2\/pages\/993"}],"collection":[{"href":"https:\/\/52foilboards.com\/index.php\/wp-json\/wp\/v2\/pages"}],"about":[{"href":"https:\/\/52foilboards.com\/index.php\/wp-json\/wp\/v2\/types\/page"}],"author":[{"embeddable":true,"href":"https:\/\/52foilboards.com\/index.php\/wp-json\/wp\/v2\/users\/1"}],"replies":[{"embeddable":true,"href":"https:\/\/52foilboards.com\/index.php\/wp-json\/wp\/v2\/comments?post=993"}],"version-history":[{"count":11,"href":"https:\/\/52foilboards.com\/index.php\/wp-json\/wp\/v2\/pages\/993\/revisions"}],"predecessor-version":[{"id":1235,"href":"https:\/\/52foilboards.com\/index.php\/wp-json\/wp\/v2\/pages\/993\/revisions\/1235"}],"wp:attachment":[{"href":"https:\/\/52foilboards.com\/index.php\/wp-json\/wp\/v2\/media?parent=993"}],"curies":[{"name":"wp","href":"https:\/\/api.w.org\/{rel}","templated":true}]}}