{"id":922,"date":"2023-04-06T22:50:13","date_gmt":"2023-04-06T20:50:13","guid":{"rendered":"http:\/\/52foilboards.com\/?page_id=922"},"modified":"2024-01-15T09:32:02","modified_gmt":"2024-01-15T08:32:02","slug":"uni-foil","status":"publish","type":"page","link":"https:\/\/52foilboards.com\/index.php\/uni-foil\/","title":{"rendered":"Uni-Foil"},"content":{"rendered":"\n<div class=\"alignnormal\"><div id=\"metaslider-id-944\" style=\"max-width: 1600px;\" class=\"ml-slider-3-20-3 metaslider metaslider-nivo metaslider-944 ml-slider\">\n    <div id=\"metaslider_container_944\">\n        <div class='slider-wrapper theme-default'><div class='ribbon'><\/div><div id='metaslider_944' class='nivoSlider'><img src=\"https:\/\/52foilboards.com\/wp-content\/uploads\/2023\/04\/visuel3app.jpg\" height=\"800\" width=\"1600\" title=\"visuel3app\" alt=\"\" class=\"slider-944 slide-958\" \/><img src=\"https:\/\/52foilboards.com\/wp-content\/uploads\/2023\/04\/BNF01663ap.jpg\" height=\"800\" width=\"1600\" title=\"BNF01663ap\" alt=\"\" class=\"slider-944 slide-953\" \/><img src=\"https:\/\/52foilboards.com\/wp-content\/uploads\/2023\/04\/BNF01737ap.jpg\" height=\"800\" width=\"1600\" title=\"BNF01737ap\" alt=\"\" class=\"slider-944 slide-954\" \/><img src=\"https:\/\/52foilboards.com\/wp-content\/uploads\/2023\/04\/BNF01800ap.jpg\" height=\"800\" width=\"1600\" title=\"BNF01800ap\" alt=\"\" class=\"slider-944 slide-955\" \/><img src=\"https:\/\/52foilboards.com\/wp-content\/uploads\/2023\/04\/visuel2app.jpg\" height=\"800\" width=\"1600\" title=\"visuel2app\" alt=\"\" class=\"slider-944 slide-957\" \/><\/div><\/div>\n        \n    <\/div>\n<\/div><\/div>\n\n\n\n<div class=\"wp-block-image\"><figure class=\"aligncenter size-large is-resized\"><img loading=\"lazy\" src=\"http:\/\/52foilboards.com\/wp-content\/uploads\/2023\/04\/banner-1024x211.jpg\" alt=\"\" class=\"wp-image-961\" width=\"1450\" height=\"299\" srcset=\"https:\/\/52foilboards.com\/wp-content\/uploads\/2023\/04\/banner-1024x211.jpg 1024w, https:\/\/52foilboards.com\/wp-content\/uploads\/2023\/04\/banner-300x62.jpg 300w, https:\/\/52foilboards.com\/wp-content\/uploads\/2023\/04\/banner-768x158.jpg 768w, https:\/\/52foilboards.com\/wp-content\/uploads\/2023\/04\/banner-228x47.jpg 228w, https:\/\/52foilboards.com\/wp-content\/uploads\/2023\/04\/banner.jpg 1333w\" sizes=\"(max-width: 1450px) 100vw, 1450px\" \/><\/figure><\/div>\n\n\n\n<p>En tant que <strong>distributeur exclusif Uni-foil pour la France<\/strong>, nous vous proposons leur tout nouveau mod\u00e8le <strong>\u2018\u2019PROGRESSION\u2019\u2019<\/strong>, fruit d\u2019une \u00e9troite collaboration entre Clifford Coetzer et Eric Antonson.<\/p>\n\n\n\n<p><strong>Clifford <\/strong>est le designer embl\u00e9matique de la marque Uni-foil, c\u2019est lui qui a \u00e9t\u00e9 le premier \u00e0 d\u00e9velopper des foils hight aspect pour la pratique du surf foil.<\/p>\n\n\n\n<p><strong>Erik<\/strong> est un surf foiler de classe mondiale mais \u00e9galement un v\u00e9ritable technicien du foil avec une analyse tr\u00e8s pointue du mat\u00e9riel. Il est notamment tr\u00e8s connu pour son podcast tr\u00e8s suivi, d\u00e9di\u00e9 au foil, baptis\u00e9 \u2018\u2019The Progression Project\u2019\u2019.<\/p>\n\n\n\n<p>Le foil <strong>\u2018\u2019PROGRESSION\u2019\u2019<\/strong> a \u00e9t\u00e9 d\u00e9velopp\u00e9 et test\u00e9 en Floride dans des vagues molles avec peu d\u2019\u00e9nergie, c\u2019est-\u00e0-dire ce que la plupart des foilers rencontre. Le r\u00e9sultat est tout simplement bluffant, ce nouveau mod\u00e8le r\u00e9unit \u00e0 lui seul tout ce que l\u2019on attend d\u2019un foil ultra-performant mais \u00e9galement tr\u00e8s accessible.<\/p>\n\n\n\n<div class=\"wp-block-columns\">\n<div class=\"wp-block-column\">\n<div class=\"wp-block-image\"><figure class=\"alignleft size-large is-resized\"><img loading=\"lazy\" src=\"http:\/\/52foilboards.com\/wp-content\/uploads\/2024\/01\/Unifoil-Progression-wings-1024x1024.jpg\" alt=\"\" class=\"wp-image-1106\" width=\"305\" height=\"305\" srcset=\"https:\/\/52foilboards.com\/wp-content\/uploads\/2024\/01\/Unifoil-Progression-wings-1024x1024.jpg 1024w, https:\/\/52foilboards.com\/wp-content\/uploads\/2024\/01\/Unifoil-Progression-wings-300x300.jpg 300w, https:\/\/52foilboards.com\/wp-content\/uploads\/2024\/01\/Unifoil-Progression-wings-150x150.jpg 150w, https:\/\/52foilboards.com\/wp-content\/uploads\/2024\/01\/Unifoil-Progression-wings-768x768.jpg 768w, https:\/\/52foilboards.com\/wp-content\/uploads\/2024\/01\/Unifoil-Progression-wings-75x75.jpg 75w, https:\/\/52foilboards.com\/wp-content\/uploads\/2024\/01\/Unifoil-Progression-wings-116x116.jpg 116w, https:\/\/52foilboards.com\/wp-content\/uploads\/2024\/01\/Unifoil-Progression-wings.jpg 1500w\" sizes=\"(max-width: 305px) 100vw, 305px\" \/><\/figure><\/div>\n<\/div>\n\n\n\n<div class=\"wp-block-column\">\n<div class=\"wp-block-image\"><figure class=\"aligncenter size-large is-resized\"><img loading=\"lazy\" src=\"http:\/\/52foilboards.com\/wp-content\/uploads\/2024\/01\/140-progression-34-1024x791.png\" alt=\"\" class=\"wp-image-1110\" width=\"449\" height=\"346\" srcset=\"https:\/\/52foilboards.com\/wp-content\/uploads\/2024\/01\/140-progression-34-1024x791.png 1024w, https:\/\/52foilboards.com\/wp-content\/uploads\/2024\/01\/140-progression-34-300x232.png 300w, https:\/\/52foilboards.com\/wp-content\/uploads\/2024\/01\/140-progression-34-768x593.png 768w, https:\/\/52foilboards.com\/wp-content\/uploads\/2024\/01\/140-progression-34-1536x1187.png 1536w, https:\/\/52foilboards.com\/wp-content\/uploads\/2024\/01\/140-progression-34-2048x1583.png 2048w, https:\/\/52foilboards.com\/wp-content\/uploads\/2024\/01\/140-progression-34-150x116.png 150w\" sizes=\"(max-width: 449px) 100vw, 449px\" \/><\/figure><\/div>\n<\/div>\n\n\n\n<div class=\"wp-block-column\">\n<div class=\"wp-block-image\"><figure class=\"alignright size-large is-resized\"><img loading=\"lazy\" src=\"http:\/\/52foilboards.com\/wp-content\/uploads\/2024\/01\/stab-3-pack.jpg\" alt=\"\" class=\"wp-image-1112\" width=\"211\" height=\"278\" srcset=\"https:\/\/52foilboards.com\/wp-content\/uploads\/2024\/01\/stab-3-pack.jpg 339w, https:\/\/52foilboards.com\/wp-content\/uploads\/2024\/01\/stab-3-pack-228x300.jpg 228w, https:\/\/52foilboards.com\/wp-content\/uploads\/2024\/01\/stab-3-pack-88x116.jpg 88w\" sizes=\"(max-width: 211px) 100vw, 211px\" \/><\/figure><\/div>\n<\/div>\n<\/div>\n\n\n\n<p>Les points forts du <strong>\u2018\u2019PROGRESSION\u2019\u2019<\/strong> sont&nbsp; la maniabilit\u00e9, la glisse, la tol\u00e9rance \u00e0 basse vitesse, les aptitudes au pumping et bien entendu la construction haut de gamme de l\u2019ensemble.<\/p>\n\n\n\n<p>En terme de qualit\u00e9, Uni-foil est clairement l&#8217;une des principales r\u00e9f\u00e9rences du march\u00e9, que cela soit le foil en lui-m\u00eame avec une construction full carbone, une visserie en titanium ou encore les accessoires de rangement\/protection qui sont d\u2019une excellente conception et d\u2019une qualit\u00e9 remarquable.<\/p>\n\n\n\n<p>Nous proposons le mod\u00e8le PROGRESSION en 4 tailles diff\u00e9rentes (d\u00e9finies par les caract\u00e9ristiques de leur aile avant): 125, 140, 170 et 200 in\u00b2.<\/p>\n\n\n\n<p><\/p>\n\n\n\n<div class=\"wp-block-columns\">\n<div class=\"wp-block-column\" style=\"flex-basis:33.33%\">\n<p><\/p>\n\n\n\n<p><\/p>\n\n\n\n<p><strong>PROGRESSION 125&nbsp;:<\/strong><\/p>\n\n\n\n<p>surface: 125 in\u00b2 ou 806 cm\u00b2<\/p>\n\n\n\n<p>envergure&nbsp;: 898 mm<\/p>\n\n\n\n<p>corde&nbsp;: 116 mm<\/p>\n\n\n\n<p>aspect ratio&nbsp;: 10&nbsp;: 1<\/p>\n<\/div>\n\n\n\n<div class=\"wp-block-column\" style=\"flex-basis:66.66%\">\n<div class=\"wp-block-image\"><figure class=\"aligncenter size-large is-resized\"><img loading=\"lazy\" src=\"http:\/\/52foilboards.com\/wp-content\/uploads\/2024\/01\/prog-125-rotated.jpg\" alt=\"\" class=\"wp-image-1097\" width=\"479\" height=\"269\" srcset=\"https:\/\/52foilboards.com\/wp-content\/uploads\/2024\/01\/prog-125-rotated.jpg 631w, https:\/\/52foilboards.com\/wp-content\/uploads\/2024\/01\/prog-125-300x169.jpg 300w, https:\/\/52foilboards.com\/wp-content\/uploads\/2024\/01\/prog-125-206x116.jpg 206w\" sizes=\"(max-width: 479px) 100vw, 479px\" \/><\/figure><\/div>\n<\/div>\n<\/div>\n\n\n\n<div class=\"wp-block-columns\">\n<div class=\"wp-block-column\" style=\"flex-basis:33.33%\">\n<p><\/p>\n\n\n\n<p><\/p>\n\n\n\n<p><strong>PROGRESSION 140&nbsp;:<\/strong><\/p>\n\n\n\n<p>surface: 140 in\u00b2 ou 903 cm\u00b2<\/p>\n\n\n\n<p>envergure&nbsp;: 898 mm<\/p>\n\n\n\n<p>corde&nbsp;: 130 mm<\/p>\n\n\n\n<p>aspect ratio&nbsp;: 8,9&nbsp;: 1<\/p>\n<\/div>\n\n\n\n<div class=\"wp-block-column\" style=\"flex-basis:66.66%\">\n<div class=\"wp-block-image\"><figure class=\"aligncenter size-large is-resized\"><img loading=\"lazy\" src=\"http:\/\/52foilboards.com\/wp-content\/uploads\/2023\/04\/top140ee-1.jpg\" alt=\"\" class=\"wp-image-985\" width=\"553\" height=\"276\" srcset=\"https:\/\/52foilboards.com\/wp-content\/uploads\/2023\/04\/top140ee-1.jpg 1000w, https:\/\/52foilboards.com\/wp-content\/uploads\/2023\/04\/top140ee-1-300x150.jpg 300w, https:\/\/52foilboards.com\/wp-content\/uploads\/2023\/04\/top140ee-1-768x384.jpg 768w, https:\/\/52foilboards.com\/wp-content\/uploads\/2023\/04\/top140ee-1-228x114.jpg 228w\" sizes=\"(max-width: 553px) 100vw, 553px\" \/><\/figure><\/div>\n<\/div>\n<\/div>\n\n\n\n<div class=\"wp-block-columns\">\n<div class=\"wp-block-column\" style=\"flex-basis:33.33%\">\n<p><\/p>\n\n\n\n<p><\/p>\n\n\n\n<p><strong>PROGRESSION 170&nbsp;:<\/strong><\/p>\n\n\n\n<p>surface: 170 in\u00b2 ou 1097 cm\u00b2<\/p>\n\n\n\n<p>envergure&nbsp;: 953 mm<\/p>\n\n\n\n<p>corde&nbsp;: 145 mm<\/p>\n\n\n\n<p>aspect ratio&nbsp;: 8,3&nbsp;: 1<\/p>\n<\/div>\n\n\n\n<div class=\"wp-block-column\" style=\"flex-basis:66.66%\">\n<div class=\"wp-block-image\"><figure class=\"aligncenter size-large is-resized\"><img loading=\"lazy\" src=\"http:\/\/52foilboards.com\/wp-content\/uploads\/2023\/04\/top170ee.jpg\" alt=\"\" class=\"wp-image-986\" width=\"531\" height=\"266\" srcset=\"https:\/\/52foilboards.com\/wp-content\/uploads\/2023\/04\/top170ee.jpg 1000w, https:\/\/52foilboards.com\/wp-content\/uploads\/2023\/04\/top170ee-300x150.jpg 300w, https:\/\/52foilboards.com\/wp-content\/uploads\/2023\/04\/top170ee-768x384.jpg 768w, https:\/\/52foilboards.com\/wp-content\/uploads\/2023\/04\/top170ee-228x114.jpg 228w\" sizes=\"(max-width: 531px) 100vw, 531px\" \/><\/figure><\/div>\n\n\n\n<p><\/p>\n<\/div>\n<\/div>\n\n\n\n<div class=\"wp-block-columns\">\n<div class=\"wp-block-column\" style=\"flex-basis:33.33%\">\n<p><\/p>\n\n\n\n<p><\/p>\n\n\n\n<p><strong>PROGRESSION 200&nbsp;:<\/strong><\/p>\n\n\n\n<p>surface: 200 in\u00b2 ou 1290 cm\u00b2<\/p>\n\n\n\n<p>envergure&nbsp;: 1037 mm<\/p>\n\n\n\n<p>corde&nbsp;: 155 mm<\/p>\n\n\n\n<p>aspect ratio&nbsp;: 8.3&nbsp;: 1<\/p>\n<\/div>\n\n\n\n<div class=\"wp-block-column\" style=\"flex-basis:66.66%\">\n<div class=\"wp-block-image\"><figure class=\"aligncenter size-large is-resized\"><img loading=\"lazy\" src=\"http:\/\/52foilboards.com\/wp-content\/uploads\/2024\/01\/prog-200-3-rotated.jpg\" alt=\"\" class=\"wp-image-1099\" width=\"542\" height=\"300\" srcset=\"https:\/\/52foilboards.com\/wp-content\/uploads\/2024\/01\/prog-200-3-rotated.jpg 679w, https:\/\/52foilboards.com\/wp-content\/uploads\/2024\/01\/prog-200-3-300x166.jpg 300w, https:\/\/52foilboards.com\/wp-content\/uploads\/2024\/01\/prog-200-3-209x116.jpg 209w\" sizes=\"(max-width: 542px) 100vw, 542px\" \/><\/figure><\/div>\n<\/div>\n<\/div>\n\n\n\n<p>Chaque foil PROGRESSION 125, 140, 170 ou 200 est propos\u00e9 dans 3 versions diff\u00e9rentes selon le type de mat: <strong>Aluminium <\/strong>(75 ou 85 cm), <strong>Carbone<\/strong> (75 ou 83 cm) ou <strong>Katana<\/strong>, un mat carbone ultra rigide (75 ou 83cm). <\/p>\n\n\n\n<p><\/p>\n\n\n\n<p><strong>Le pack complet se compose&nbsp;:<\/strong><\/p>\n\n\n\n<ul><li>Mallette de rangement<\/li><li>Aile avant\/fuselage avec housse de protection<\/li><li>Mat avec housse de protection<\/li><li>Pack de 3 stabilisateurs<\/li><li>Trousse de rangement pour accessoires (set de vis en titanium, outils de vissage)<\/li><\/ul>\n\n\n\n<div class=\"wp-block-columns\">\n<div class=\"wp-block-column\">\n<figure class=\"wp-block-image size-large is-resized\"><img loading=\"lazy\" src=\"http:\/\/52foilboards.com\/wp-content\/uploads\/2024\/01\/tarifs-2024a.jpg\" alt=\"\" class=\"wp-image-1115\" width=\"305\" height=\"572\" srcset=\"https:\/\/52foilboards.com\/wp-content\/uploads\/2024\/01\/tarifs-2024a.jpg 304w, https:\/\/52foilboards.com\/wp-content\/uploads\/2024\/01\/tarifs-2024a-160x300.jpg 160w, https:\/\/52foilboards.com\/wp-content\/uploads\/2024\/01\/tarifs-2024a-62x116.jpg 62w\" sizes=\"(max-width: 305px) 100vw, 305px\" \/><\/figure>\n<\/div>\n\n\n\n<div class=\"wp-block-column\">\n<div class=\"wp-block-image\"><figure class=\"aligncenter size-large is-resized\"><img loading=\"lazy\" src=\"http:\/\/52foilboards.com\/wp-content\/uploads\/2023\/04\/frontrr170ap-1-1024x970.jpg\" alt=\"\" class=\"wp-image-972\" width=\"517\" height=\"490\" srcset=\"https:\/\/52foilboards.com\/wp-content\/uploads\/2023\/04\/frontrr170ap-1-1024x970.jpg 1024w, https:\/\/52foilboards.com\/wp-content\/uploads\/2023\/04\/frontrr170ap-1-300x284.jpg 300w, https:\/\/52foilboards.com\/wp-content\/uploads\/2023\/04\/frontrr170ap-1-768x728.jpg 768w, https:\/\/52foilboards.com\/wp-content\/uploads\/2023\/04\/frontrr170ap-1-122x116.jpg 122w, https:\/\/52foilboards.com\/wp-content\/uploads\/2023\/04\/frontrr170ap-1.jpg 1200w\" sizes=\"(max-width: 517px) 100vw, 517px\" \/><\/figure><\/div>\n<\/div>\n<\/div>\n\n\n\n<p>Nous proposons \u00e9galement \u00e0 la vente tous les accessoires et les \u00e9l\u00e9ments s\u00e9par\u00e9s Uni-foil:<\/p>\n\n\n\n<div class=\"wp-block-columns\">\n<div class=\"wp-block-column\">\n<figure class=\"wp-block-image size-large is-resized\"><img loading=\"lazy\" src=\"http:\/\/52foilboards.com\/wp-content\/uploads\/2024\/01\/tarifs-2024b.jpg\" alt=\"\" class=\"wp-image-1116\" width=\"320\" height=\"395\" srcset=\"https:\/\/52foilboards.com\/wp-content\/uploads\/2024\/01\/tarifs-2024b.jpg 368w, https:\/\/52foilboards.com\/wp-content\/uploads\/2024\/01\/tarifs-2024b-243x300.jpg 243w, https:\/\/52foilboards.com\/wp-content\/uploads\/2024\/01\/tarifs-2024b-94x116.jpg 94w\" sizes=\"(max-width: 320px) 100vw, 320px\" \/><\/figure>\n<\/div>\n\n\n\n<div class=\"wp-block-column\">\n<figure class=\"wp-block-image size-large is-resized\"><img loading=\"lazy\" src=\"http:\/\/52foilboards.com\/wp-content\/uploads\/2024\/01\/stab-3.jpg\" alt=\"\" class=\"wp-image-1117\" width=\"350\" height=\"350\" srcset=\"https:\/\/52foilboards.com\/wp-content\/uploads\/2024\/01\/stab-3.jpg 412w, https:\/\/52foilboards.com\/wp-content\/uploads\/2024\/01\/stab-3-300x300.jpg 300w, https:\/\/52foilboards.com\/wp-content\/uploads\/2024\/01\/stab-3-150x150.jpg 150w, https:\/\/52foilboards.com\/wp-content\/uploads\/2024\/01\/stab-3-75x75.jpg 75w, https:\/\/52foilboards.com\/wp-content\/uploads\/2024\/01\/stab-3-116x116.jpg 116w\" sizes=\"(max-width: 350px) 100vw, 350px\" \/><\/figure>\n<\/div>\n<\/div>\n\n\n\n<figure class=\"wp-block-image size-large is-resized\"><img loading=\"lazy\" src=\"http:\/\/52foilboards.com\/wp-content\/uploads\/2024\/01\/tableau-1024x184.jpg\" alt=\"\" class=\"wp-image-1100\" width=\"1128\" height=\"202\" srcset=\"https:\/\/52foilboards.com\/wp-content\/uploads\/2024\/01\/tableau-1024x184.jpg 1024w, https:\/\/52foilboards.com\/wp-content\/uploads\/2024\/01\/tableau-300x54.jpg 300w, https:\/\/52foilboards.com\/wp-content\/uploads\/2024\/01\/tableau-768x138.jpg 768w, https:\/\/52foilboards.com\/wp-content\/uploads\/2024\/01\/tableau-228x41.jpg 228w, https:\/\/52foilboards.com\/wp-content\/uploads\/2024\/01\/tableau.jpg 1236w\" sizes=\"(max-width: 1128px) 100vw, 1128px\" \/><\/figure>\n","protected":false},"excerpt":{"rendered":"<p>En tant que distributeur exclusif Uni-foil pour la France, nous vous proposons leur tout nouveau mod\u00e8le \u2018\u2019PROGRESSION\u2019\u2019, fruit d\u2019une \u00e9troite collaboration entre Clifford Coetzer et Eric Antonson. Clifford est le designer embl\u00e9matique de la marque Uni-foil, c\u2019est lui qui a \u00e9t\u00e9 le premier \u00e0 d\u00e9velopper des foils hight aspect pour la pratique du surf foil. Erik est un surf foiler de classe mondiale mais \u00e9galement un v\u00e9ritable technicien du foil avec une analyse tr\u00e8s pointue du mat\u00e9riel. Il est notamment&hellip;<\/p>\n","protected":false},"author":1,"featured_media":0,"parent":0,"menu_order":0,"comment_status":"closed","ping_status":"closed","template":"","meta":[],"_links":{"self":[{"href":"https:\/\/52foilboards.com\/index.php\/wp-json\/wp\/v2\/pages\/922"}],"collection":[{"href":"https:\/\/52foilboards.com\/index.php\/wp-json\/wp\/v2\/pages"}],"about":[{"href":"https:\/\/52foilboards.com\/index.php\/wp-json\/wp\/v2\/types\/page"}],"author":[{"embeddable":true,"href":"https:\/\/52foilboards.com\/index.php\/wp-json\/wp\/v2\/users\/1"}],"replies":[{"embeddable":true,"href":"https:\/\/52foilboards.com\/index.php\/wp-json\/wp\/v2\/comments?post=922"}],"version-history":[{"count":36,"href":"https:\/\/52foilboards.com\/index.php\/wp-json\/wp\/v2\/pages\/922\/revisions"}],"predecessor-version":[{"id":1118,"href":"https:\/\/52foilboards.com\/index.php\/wp-json\/wp\/v2\/pages\/922\/revisions\/1118"}],"wp:attachment":[{"href":"https:\/\/52foilboards.com\/index.php\/wp-json\/wp\/v2\/media?parent=922"}],"curies":[{"name":"wp","href":"https:\/\/api.w.org\/{rel}","templated":true}]}}