{"id":598,"date":"2021-08-12T18:11:01","date_gmt":"2021-08-12T16:11:01","guid":{"rendered":"http:\/\/52foilboards.com\/?page_id=598"},"modified":"2021-08-12T18:23:07","modified_gmt":"2021-08-12T16:23:07","slug":"francois-prevost","status":"publish","type":"page","link":"https:\/\/52foilboards.com\/index.php\/francois-prevost\/","title":{"rendered":"Fran\u00e7ois Prevost"},"content":{"rendered":"\n<div class=\"wp-block-columns\">\n<div class=\"wp-block-column\">\n<p><strong>Fran\u00e7ois Prevost<\/strong><\/p>\n\n\n\n<p><strong>Age: <\/strong>26 ans<\/p>\n\n\n\n<p><strong>Parcours Sportif: <\/strong>Windsurf RSX, SUP-race<\/p>\n\n\n\n<p><strong>Disciplines:<\/strong> SUP foil Wave &amp; DW, Wing, surf foil, dockstart<\/p>\n\n\n\n<p><strong>Spots Habituels: <\/strong>Mazerolles, La Baule, Presqu&#8217;\u00eele de Rhuys <\/p>\n\n\n\n<p><strong>Spots Pr\u00e9f\u00e9r\u00e9s: <\/strong>Rhuys (DW), la Baule (wing)<\/p>\n\n\n\n<p><strong>Boards: <\/strong>Storm Glider 5&#8217;7 x 22.5\u2033 (85L)<\/p>\n\n\n\n<p><strong>Foils: <\/strong>Alpinefoil 580\/850\/1100 <\/p>\n\n\n\n<p><strong>+ d\u2019infos:<\/strong> <a href=\"https:\/\/www.instagram.com\/fra_613\/\">www.instagram.com\/fra_613<\/a><\/p>\n<\/div>\n\n\n\n<div class=\"wp-block-column\">\n<div class=\"alignnormal\"><div id=\"metaslider-id-599\" style=\"max-width: 700px;\" class=\"ml-slider-3-20-3 metaslider metaslider-nivo metaslider-599 ml-slider\">\n    <div id=\"metaslider_container_599\">\n        <div class='slider-wrapper theme-default'><div class='ribbon'><\/div><div id='metaslider_599' class='nivoSlider'><img src=\"https:\/\/52foilboards.com\/wp-content\/uploads\/2021\/08\/LNN_7478-700x466.jpg\" height=\"466\" width=\"700\" title=\"LNN_7478\" alt=\"\" class=\"slider-599 slide-614\" \/><img src=\"https:\/\/52foilboards.com\/wp-content\/uploads\/2021\/08\/DLNN_0817-700x466.jpg\" height=\"466\" width=\"700\" title=\"DLNN_0817\" alt=\"\" class=\"slider-599 slide-615\" \/><img src=\"https:\/\/52foilboards.com\/wp-content\/uploads\/2021\/08\/235040485_566234701073989_2508844266262342181_n-700x466.png\" height=\"466\" width=\"700\" title=\"235040485_566234701073989_2508844266262342181_n\" alt=\"\" class=\"slider-599 slide-613\" \/><img src=\"https:\/\/52foilboards.com\/wp-content\/uploads\/2021\/08\/LN5_1647-700x466.jpg\" height=\"466\" width=\"700\" title=\"LN5_1647\" alt=\"\" class=\"slider-599 slide-618\" \/><img src=\"https:\/\/52foilboards.com\/wp-content\/uploads\/2021\/08\/DLNN_0232-700x466.jpg\" height=\"466\" width=\"700\" title=\"DLNN_0232\" alt=\"\" class=\"slider-599 slide-620\" \/><img src=\"https:\/\/52foilboards.com\/wp-content\/uploads\/2021\/08\/DLNN_0339-700x466.jpg\" height=\"466\" width=\"700\" title=\"DLNN_0339\" alt=\"\" class=\"slider-599 slide-624\" \/><img src=\"https:\/\/52foilboards.com\/wp-content\/uploads\/2021\/08\/LNN_7593-700x466.jpg\" height=\"466\" width=\"700\" title=\"LNN_7593\" alt=\"\" class=\"slider-599 slide-617\" \/><img src=\"https:\/\/52foilboards.com\/wp-content\/uploads\/2021\/08\/DLNN_0167-700x466.jpg\" height=\"466\" width=\"700\" title=\"DLNN_0167\" alt=\"\" class=\"slider-599 slide-623\" \/><img src=\"https:\/\/52foilboards.com\/wp-content\/uploads\/2021\/08\/DLNN_0148-700x466.jpg\" height=\"466\" width=\"700\" title=\"DLNN_0148\" alt=\"\" class=\"slider-599 slide-621\" \/><\/div><\/div>\n        \n    <\/div>\n<\/div><\/div>\n\n\n\n<p class=\"has-text-align-center\"><em>Photos: L. Nevarez<\/em><\/p>\n<\/div>\n<\/div>\n\n\n\n<p><\/p>\n","protected":false},"excerpt":{"rendered":"<p>Fran\u00e7ois Prevost Age: 26 ans Parcours Sportif: Windsurf RSX, SUP-race Disciplines: SUP foil Wave &amp; DW, Wing, surf foil, dockstart Spots Habituels: Mazerolles, La Baule, Presqu&#8217;\u00eele de Rhuys Spots Pr\u00e9f\u00e9r\u00e9s: Rhuys (DW), la Baule (wing) Boards: Storm Glider 5&#8217;7 x 22.5\u2033 (85L) Foils: Alpinefoil 580\/850\/1100 + d\u2019infos: www.instagram.com\/fra_613 Photos: L. Nevarez<\/p>\n","protected":false},"author":1,"featured_media":0,"parent":0,"menu_order":0,"comment_status":"closed","ping_status":"closed","template":"","meta":[],"_links":{"self":[{"href":"https:\/\/52foilboards.com\/index.php\/wp-json\/wp\/v2\/pages\/598"}],"collection":[{"href":"https:\/\/52foilboards.com\/index.php\/wp-json\/wp\/v2\/pages"}],"about":[{"href":"https:\/\/52foilboards.com\/index.php\/wp-json\/wp\/v2\/types\/page"}],"author":[{"embeddable":true,"href":"https:\/\/52foilboards.com\/index.php\/wp-json\/wp\/v2\/users\/1"}],"replies":[{"embeddable":true,"href":"https:\/\/52foilboards.com\/index.php\/wp-json\/wp\/v2\/comments?post=598"}],"version-history":[{"count":3,"href":"https:\/\/52foilboards.com\/index.php\/wp-json\/wp\/v2\/pages\/598\/revisions"}],"predecessor-version":[{"id":630,"href":"https:\/\/52foilboards.com\/index.php\/wp-json\/wp\/v2\/pages\/598\/revisions\/630"}],"wp:attachment":[{"href":"https:\/\/52foilboards.com\/index.php\/wp-json\/wp\/v2\/media?parent=598"}],"curies":[{"name":"wp","href":"https:\/\/api.w.org\/{rel}","templated":true}]}}