{"id":498,"date":"2021-04-14T11:09:57","date_gmt":"2021-04-14T09:09:57","guid":{"rendered":"http:\/\/52foilboards.com\/?page_id=498"},"modified":"2023-08-11T22:40:29","modified_gmt":"2023-08-11T20:40:29","slug":"cgv","status":"publish","type":"page","link":"https:\/\/52foilboards.com\/index.php\/cgv\/","title":{"rendered":"Conditions g\u00e9n\u00e9rales de vente"},"content":{"rendered":"\n<p><strong>Conditions g\u00e9n\u00e9rales de vente<\/strong> :<\/p>\n\n\n\n<p><strong>1.Pr\u00e9ambule<\/strong><\/p>\n\n\n\n<p>Les conditions g\u00e9n\u00e9rales de vente d\u00e9taill\u00e9es ci-dessous r\u00e9gissent les relations contractuelles entre l\u2019entreprise <strong>52 Foilboards<\/strong> propri\u00e9taire des produits 52 FoilBoards et immatricul\u00e9e depuis le 1er janvier 2023 au r\u00e9pertoire des entreprises et \u00e9tablissements de l&#8217;INSEE sous le num\u00e9ro SIRET 490 422 888 00043, dont le social est situ\u00e9 au hameau de Penfoul, 29840 LANDUNVEZ, France.<\/p>\n\n\n\n<p>et<\/p>\n\n\n\n<p>tout client de la marque 52 Foil Boards (d\u00e9sign\u00e9 ci-apr\u00e8s \u2018\u2019l\u2019acheteur\u2019\u2019) sur le site <a href=\"http:\/\/www.52Foilboards.com\">www.52Foilboards.com<\/a>, (d\u00e9sign\u00e9 ci-apr\u00e8s \u2018\u2019le site\u2019\u2019).<\/p>\n\n\n\n<p>L\u2019entreprise <strong>52 Foilboards<\/strong> se r\u00e9serve le droit d&#8217;adapter ou de modifier \u00e0 tout moment les pr\u00e9sentes conditions g\u00e9n\u00e9rales de vente. En cas de modification, seront appliqu\u00e9es, \u00e0 chaque commande, les conditions g\u00e9n\u00e9rales de ventes en vigueur au jour de la passation de la commande.<\/p>\n\n\n\n<p><strong>2.Informations<\/strong><\/p>\n\n\n\n<p>L\u2019entreprise <strong>52 Foilboards<\/strong> apporte le plus grand soin \u00e0 la mise en ligne d\u2019informations relatives aux caract\u00e9ristiques essentielles de ses produits de la marque 52 Foilboards au moyen de descriptifs techniques pr\u00e9cis et d\u2019images d\u2019illustration les plus pertinentes possibles. Les photographies des produits sont informatives mais ne sont pas contractuelles.<\/p>\n\n\n\n<p><strong>3.Commande<\/strong><\/p>\n\n\n\n<p>Toute commande suppose l\u2019adh\u00e9sion sans restriction ni r\u00e9serve, aux pr\u00e9sentes conditions g\u00e9n\u00e9rales de vente. Pour passer sa commande l\u2019acheteur doit contacter par mail ou t\u00e9l\u00e9phone l\u2019entreprise 52 Foilboards afin d\u2019\u00e9tablir une premi\u00e8re prise de contact permettant de d\u00e9finir avec pr\u00e9cision le futur projet d\u2019achat. Cela s\u2019applique aussi bien pour un produit de s\u00e9rie que pour toute commande de produit r\u00e9alis\u00e9 sur-mesure. Un bon de commande sera transmis \u00e0 l\u2019acheteur par mail ou autre moyen de communication souhait\u00e9. La validation de cette commande sera effectu\u00e9e par l\u2019acheteur en renvoyant un accord et consid\u00e9r\u00e9e comme d\u00e9finitive d\u00e8s lors qu\u2019il a effectu\u00e9 le paiement.<\/p>\n\n\n\n<p><strong>4.Prix<\/strong><\/p>\n\n\n\n<p>Les prix des diff\u00e9rents produits 52 Foilboards de l\u2019entreprise 52 Foilboards sont exprim\u00e9s sur le site internet en euros TTC (toutes taxes comprises) et s&#8217;entendent hors frais de transport. L&#8217;utilisateur devra s&#8217;acquitter de ces frais de transport vus avec l\u2019entreprise sauf s&#8217;il b\u00e9n\u00e9ficie d&#8217;une offre sp\u00e9ciale l&#8217;en exon\u00e9rant. L\u2019entreprise 52 Foilboards se r\u00e9serve le droit de modifier ses prix \u00e0 tout moment, notamment en cas d&#8217;augmentation des charges, du taux de TVA ou en cas d&#8217;erreur manifeste mais s\u2019engage \u00e0 respecter strictement sur chaque commande, les tarifs en vigueur indiqu\u00e9s sur le site au moment de la validation de l\u2019achat.<\/p>\n\n\n\n<p><strong>5.Disponibilit\u00e9<\/strong><\/p>\n\n\n\n<p>De nombreux produits vendus sur ce site sont con\u00e7us sur-mesure apr\u00e8s la validation d\u2019une commande. Pour les produits de s\u00e9rie, dans l\u2019hypoth\u00e8se o\u00f9 l\u2019un des produits souhait\u00e9s ne serait pas disponible dans nos stocks au moment de la commande, nous nous engageons \u00e0 vous contacter dans les plus brefs d\u00e9lais et vous indiquer les conditions de r\u00e9approvisionnement ainsi qu\u2019une nouvelle date de disponibilit\u00e9 en stock.<\/p>\n\n\n\n<p><strong>6.Service apr\u00e8s-vente<\/strong><\/p>\n\n\n\n<p>Tout notre mat\u00e9riel vendu b\u00e9n\u00e9ficie d\u2019une garantie de 6 mois apr\u00e8s date de r\u00e9ception. Cette garantie s\u2019applique \u00e0 tout \u00e9ventuel d\u00e9faut de conception ou probl\u00e8me rencontr\u00e9 avec le mat\u00e9riel lors d\u2019une utilisation normale de celui-ci. Attention, la garantie l\u00e9gale ne s\u2019applique pas ou s\u2019applique seulement partiellement \u00e0 la r\u00e9paration de dommages r\u00e9sultant d\u2019une cause externe au produit, par exemple un accident, un choc li\u00e9 \u00e0 une chute, l\u2019action d\u2019une vague, les dommages li\u00e9s \u00e0 la foudre ou bien d\u2019une faute manifeste du client (usage ou installation non conforme aux sp\u00e9cifications et \u00e0 la bonne conservation des produits 52 Foil Boards). La garantie l\u00e9gale ne couvre pas le remplacement de produit consommable ou les dommages dus \u00e0 l\u2019intervention d\u2019un r\u00e9parateur autre que ceux de 52 Foils Boards.<\/p>\n\n\n\n<p>Tout retour du produit au titre de la garantie pr\u00e9cit\u00e9e doit faire l\u2019objet d\u2019un accord pr\u00e9alable de l\u2019entreprise 52 Foilboards. A cette fin, l\u2019acheteur prendra contact au pr\u00e9alable avec le service apr\u00e8s-vente de la marque par mail <a href=\"mailto:52foilboards@gmail.com\">52foilboards@gmail.com<\/a> ou par t\u00e9l\u00e9phone +33 (0)663604183.<br>Aucun retour ne sera accept\u00e9 sans autorisation pr\u00e9alable de l\u2019entreprise <strong>52 Foilboards<\/strong>.<\/p>\n\n\n\n<p>Les frais d\u2019envoi du ou des produit(s) sont \u00e0 la charge et \u00e0 la responsabilit\u00e9 du client et si la garantie l\u00e9gale peut \u00eatre appliqu\u00e9e sur les produits, tous les frais li\u00e9s \u00e0 ce retour seront rembours\u00e9s au client. Pour tout retour de produits, vous devez nous le(s) retourner par la Poste (ou autre transporteur) ou bien directement par une tierce personne \u00e0<\/p>\n\n\n\n<p><strong>52 Foilboards<\/strong>, hameau de Penfoul, 29840 LANDUNVEZ, FRANCE<\/p>\n\n\n\n<p><strong>7.Responsabilit\u00e9<\/strong><\/p>\n\n\n\n<p>Les produits 52 Foilboards propos\u00e9s par l\u2019entreprise <strong>52 Foilboards<\/strong> sont issus d\u2019un long processus de recherche &amp; d\u00e9veloppement et conformes \u00e0 la l\u00e9gislation fran\u00e7aise en vigueur. L\u2019entreprise ne pourra en aucun cas, \u00eatre tenue pour responsable en cas de dommages corporels qui pourraient subvenir au client du fait de l\u2019achat des produits et de leur utilisation. L\u2019incompatibilit\u00e9 technique et\/ou l\u2019impossibilit\u00e9 d\u2019utiliser les produits 52 Foils Boards par le client du fait de mauvaises informations transmises par ce dernier aux personnel de l\u2019entreprise <strong>52 Foilboards<\/strong> au moment de pr\u00e9parer la commande, ne pourra pas engager la responsabilit\u00e9 l\u2019entreprise, ni donner lieu \u00e0 aucun d\u00e9dommagement ou remboursement.<br><br><strong>8.Non validit\u00e9 partielle<\/strong><\/p>\n\n\n\n<p>Si une ou plusieurs stipulations des pr\u00e9sentes conditions g\u00e9n\u00e9rales de vente sont tenues pour non valides ou d\u00e9clar\u00e9es comme telles en application d\u2019une loi, d\u2019un r\u00e8glement ou \u00e0 la suite d\u2019une d\u00e9cision d\u00e9finitive d\u2019une juridiction comp\u00e9tente, les autres stipulations garderont toute leur force et leur port\u00e9e.<\/p>\n\n\n\n<p><strong>9.Loi applicable<\/strong><\/p>\n\n\n\n<p>Les ventes des produits 52 Foil Boards de l\u2019entreprise <strong>52 Foilboards<\/strong> sont soumises \u00e0 la loi fran\u00e7aise.<\/p>\n\n\n\n<p><strong>10.Informatique et libert\u00e9s<\/strong><\/p>\n\n\n\n<p>Les informations collect\u00e9es par <strong>52 Foilboards<\/strong> lors de toute commande de l\u2019Acheteur sont n\u00e9cessaires pour la gestion de sa commande par l\u2019entreprise et ses partenaires commerciaux. Conform\u00e9ment \u00e0 la loi Informatique et Libert\u00e9s n\u00b078-17 du 6 janvier 1978, l\u2019Acheteur dispose d\u2019un droit d\u2019acc\u00e8s, de rectification, d\u2019opposition et de suppression aux donn\u00e9es le concernant aupr\u00e8s de <strong>52 Foilboards<\/strong>.<\/p>\n","protected":false},"excerpt":{"rendered":"<p>Conditions g\u00e9n\u00e9rales de vente : 1.Pr\u00e9ambule Les conditions g\u00e9n\u00e9rales de vente d\u00e9taill\u00e9es ci-dessous r\u00e9gissent les relations contractuelles entre l\u2019entreprise 52 Foilboards propri\u00e9taire des produits 52 FoilBoards et immatricul\u00e9e depuis le 1er janvier 2023 au r\u00e9pertoire des entreprises et \u00e9tablissements de l&#8217;INSEE sous le num\u00e9ro SIRET 490 422 888 00043, dont le social est situ\u00e9 au hameau de Penfoul, 29840 LANDUNVEZ, France. et tout client de la marque 52 Foil Boards (d\u00e9sign\u00e9 ci-apr\u00e8s \u2018\u2019l\u2019acheteur\u2019\u2019) sur le site www.52Foilboards.com, (d\u00e9sign\u00e9 ci-apr\u00e8s \u2018\u2019le&hellip;<\/p>\n","protected":false},"author":1,"featured_media":0,"parent":0,"menu_order":0,"comment_status":"closed","ping_status":"closed","template":"","meta":[],"_links":{"self":[{"href":"https:\/\/52foilboards.com\/index.php\/wp-json\/wp\/v2\/pages\/498"}],"collection":[{"href":"https:\/\/52foilboards.com\/index.php\/wp-json\/wp\/v2\/pages"}],"about":[{"href":"https:\/\/52foilboards.com\/index.php\/wp-json\/wp\/v2\/types\/page"}],"author":[{"embeddable":true,"href":"https:\/\/52foilboards.com\/index.php\/wp-json\/wp\/v2\/users\/1"}],"replies":[{"embeddable":true,"href":"https:\/\/52foilboards.com\/index.php\/wp-json\/wp\/v2\/comments?post=498"}],"version-history":[{"count":4,"href":"https:\/\/52foilboards.com\/index.php\/wp-json\/wp\/v2\/pages\/498\/revisions"}],"predecessor-version":[{"id":1087,"href":"https:\/\/52foilboards.com\/index.php\/wp-json\/wp\/v2\/pages\/498\/revisions\/1087"}],"wp:attachment":[{"href":"https:\/\/52foilboards.com\/index.php\/wp-json\/wp\/v2\/media?parent=498"}],"curies":[{"name":"wp","href":"https:\/\/api.w.org\/{rel}","templated":true}]}}