{"id":424,"date":"2021-04-13T12:12:28","date_gmt":"2021-04-13T10:12:28","guid":{"rendered":"http:\/\/52foilboards.com\/?page_id=424"},"modified":"2021-04-13T16:49:40","modified_gmt":"2021-04-13T14:49:40","slug":"martin-letourneur","status":"publish","type":"page","link":"https:\/\/52foilboards.com\/index.php\/martin-letourneur\/","title":{"rendered":"Martin Letourneur"},"content":{"rendered":"\n<div class=\"wp-block-columns\">\n<div class=\"wp-block-column\">\n<p><strong>Martin Letourneur<\/strong><\/p>\n\n\n\n<p><strong>Age: <\/strong>25 ans<\/p>\n\n\n\n<p><strong>Parcours Sportif: <\/strong>SUP-surf, SUP-race, surf, longboard<\/p>\n\n\n\n<p><strong>Disciplines:<\/strong> Surf-Foil, SUP foil Wave &amp; DW, Wing<\/p>\n\n\n\n<p><strong>Spots Habituels: <\/strong>St Malo, Crozon, Le Dossen, Penfoul (Bretagne)<\/p>\n\n\n\n<p><strong>Spots Pr\u00e9f\u00e9r\u00e9s: <\/strong>C\u00f4te nord Finist\u00e8re, Littoral Varois (DW), Coudouli\u00e8re (Surf -foil)&#8230;<\/p>\n\n\n\n<p><strong>Boards: <\/strong>Speedcarver 4&#8217;4 x 18.5&#8243; x 3&#8221; (32L) et Rafale 5&#8217;7 x 22.5&#8243; x 5.6&#8243; (92L)<\/p>\n\n\n\n<p><strong>Foils: <\/strong>Axis BSC 810 (surf-foil) et 980 (DW)<\/p>\n\n\n\n<p><strong>+ d&#8217;infos: <\/strong><a href=\"https:\/\/www.instagram.com\/martin_letourneur\/?hl=fr\">www.instagram.com\/martin_letourneur\/<\/a><\/p>\n<\/div>\n\n\n\n<div class=\"wp-block-column\">\n<div class=\"alignnormal\"><div id=\"metaslider-id-428\" style=\"max-width: 700px;\" class=\"ml-slider-3-20-3 metaslider metaslider-nivo metaslider-428 ml-slider\">\n    <div id=\"metaslider_container_428\">\n        <div class='slider-wrapper theme-default'><div class='ribbon'><\/div><div id='metaslider_428' class='nivoSlider'><img src=\"https:\/\/52foilboards.com\/wp-content\/uploads\/2021\/04\/106778735_171931971011282_2998663652384236477_n-700x466.jpg\" height=\"466\" width=\"700\" title=\"106778735_171931971011282_2998663652384236477_n\" alt=\"\" class=\"slider-428 slide-447\" \/><img src=\"https:\/\/52foilboards.com\/wp-content\/uploads\/2021\/04\/146667449_259325782271900_5365266080162841519_n-700x466.jpg\" height=\"466\" width=\"700\" title=\"146667449_259325782271900_5365266080162841519_n\" alt=\"\" class=\"slider-428 slide-448\" \/><img src=\"https:\/\/52foilboards.com\/wp-content\/uploads\/2021\/04\/P1450994-scaled-700x466.jpg\" height=\"466\" width=\"700\" title=\"P1450994\" alt=\"\" class=\"slider-428 slide-449\" \/><img src=\"https:\/\/52foilboards.com\/wp-content\/uploads\/2021\/04\/106597797_10220506163937902_1093324924018192064_n-700x466.jpg\" height=\"466\" width=\"700\" title=\"106597797_10220506163937902_1093324924018192064_n\" alt=\"\" class=\"slider-428 slide-454\" \/><img src=\"https:\/\/52foilboards.com\/wp-content\/uploads\/2021\/04\/132760384_233186418219170_8592647861327928571_n-700x466.jpg\" height=\"466\" width=\"700\" title=\"132760384_233186418219170_8592647861327928571_n\" alt=\"\" class=\"slider-428 slide-451\" \/><img src=\"https:\/\/52foilboards.com\/wp-content\/uploads\/2021\/04\/P1450465-scaled-700x466.jpg\" height=\"466\" width=\"700\" title=\"P1450465\" alt=\"\" class=\"slider-428 slide-450\" \/><img src=\"https:\/\/52foilboards.com\/wp-content\/uploads\/2021\/04\/106665788_10220506196418714_5511571291967185143_n-700x466.jpg\" height=\"466\" width=\"700\" title=\"106665788_10220506196418714_5511571291967185143_n\" alt=\"\" class=\"slider-428 slide-458\" \/><img src=\"https:\/\/52foilboards.com\/wp-content\/uploads\/2021\/04\/146336037_259325665605245_8291661618798617778_n-700x466.jpg\" height=\"466\" width=\"700\" title=\"146336037_259325665605245_8291661618798617778_n\" alt=\"\" class=\"slider-428 slide-452\" \/><img src=\"https:\/\/52foilboards.com\/wp-content\/uploads\/2021\/04\/106727871_10220506167017979_7387463099139371921_n-700x466.jpg\" height=\"466\" width=\"700\" title=\"106727871_10220506167017979_7387463099139371921_n\" alt=\"\" class=\"slider-428 slide-453\" \/><img src=\"https:\/\/52foilboards.com\/wp-content\/uploads\/2021\/04\/106929043_10220506179298286_1606309112846596521_n-700x466.jpg\" height=\"466\" width=\"700\" title=\"106929043_10220506179298286_1606309112846596521_n\" alt=\"\" class=\"slider-428 slide-456\" \/><img src=\"https:\/\/52foilboards.com\/wp-content\/uploads\/2021\/04\/106509046_10220506170178058_516090247791162547_n-700x466.jpg\" height=\"466\" width=\"700\" title=\"106509046_10220506170178058_516090247791162547_n\" alt=\"\" class=\"slider-428 slide-457\" \/><img src=\"https:\/\/52foilboards.com\/wp-content\/uploads\/2021\/04\/106577132_3099179136832749_4085865293324021236_n-700x466.jpg\" height=\"466\" width=\"700\" title=\"106577132_3099179136832749_4085865293324021236_n\" alt=\"\" class=\"slider-428 slide-455\" \/><\/div><\/div>\n        \n    <\/div>\n<\/div><\/div>\n\n\n\n<p class=\"has-text-align-center\"><em>Photos: G. Closier<\/em> <em>&amp; Simonpictures29<\/em><\/p>\n<\/div>\n<\/div>\n\n\n\n<p><\/p>\n","protected":false},"excerpt":{"rendered":"<p>Martin Letourneur Age: 25 ans Parcours Sportif: SUP-surf, SUP-race, surf, longboard Disciplines: Surf-Foil, SUP foil Wave &amp; DW, Wing Spots Habituels: St Malo, Crozon, Le Dossen, Penfoul (Bretagne) Spots Pr\u00e9f\u00e9r\u00e9s: C\u00f4te nord Finist\u00e8re, Littoral Varois (DW), Coudouli\u00e8re (Surf -foil)&#8230; Boards: Speedcarver 4&#8217;4 x 18.5&#8243; x 3&#8221; (32L) et Rafale 5&#8217;7 x 22.5&#8243; x 5.6&#8243; (92L) Foils: Axis BSC 810 (surf-foil) et 980 (DW) + d&#8217;infos: www.instagram.com\/martin_letourneur\/ Photos: G. Closier &amp; Simonpictures29<\/p>\n","protected":false},"author":1,"featured_media":0,"parent":0,"menu_order":0,"comment_status":"closed","ping_status":"closed","template":"","meta":[],"_links":{"self":[{"href":"https:\/\/52foilboards.com\/index.php\/wp-json\/wp\/v2\/pages\/424"}],"collection":[{"href":"https:\/\/52foilboards.com\/index.php\/wp-json\/wp\/v2\/pages"}],"about":[{"href":"https:\/\/52foilboards.com\/index.php\/wp-json\/wp\/v2\/types\/page"}],"author":[{"embeddable":true,"href":"https:\/\/52foilboards.com\/index.php\/wp-json\/wp\/v2\/users\/1"}],"replies":[{"embeddable":true,"href":"https:\/\/52foilboards.com\/index.php\/wp-json\/wp\/v2\/comments?post=424"}],"version-history":[{"count":5,"href":"https:\/\/52foilboards.com\/index.php\/wp-json\/wp\/v2\/pages\/424\/revisions"}],"predecessor-version":[{"id":475,"href":"https:\/\/52foilboards.com\/index.php\/wp-json\/wp\/v2\/pages\/424\/revisions\/475"}],"wp:attachment":[{"href":"https:\/\/52foilboards.com\/index.php\/wp-json\/wp\/v2\/media?parent=424"}],"curies":[{"name":"wp","href":"https:\/\/api.w.org\/{rel}","templated":true}]}}