{"id":16,"date":"2021-03-30T16:09:02","date_gmt":"2021-03-30T14:09:02","guid":{"rendered":"http:\/\/52foilboards.com\/?page_id=16"},"modified":"2025-01-24T10:11:08","modified_gmt":"2025-01-24T09:11:08","slug":"la-marque","status":"publish","type":"page","link":"https:\/\/52foilboards.com\/index.php\/la-marque\/","title":{"rendered":"La marque"},"content":{"rendered":"\n<p><\/p>\n\n\n\n<div class=\"wp-block-image\"><figure class=\"alignright size-large is-resized\"><img loading=\"lazy\" src=\"http:\/\/52foilboards.com\/wp-content\/uploads\/2021\/04\/brawner.jpg\" alt=\"\" class=\"wp-image-311\" width=\"407\" height=\"304\" srcset=\"https:\/\/52foilboards.com\/wp-content\/uploads\/2021\/04\/brawner.jpg 669w, https:\/\/52foilboards.com\/wp-content\/uploads\/2021\/04\/brawner-300x224.jpg 300w, https:\/\/52foilboards.com\/wp-content\/uploads\/2021\/04\/brawner-155x116.jpg 155w\" sizes=\"(max-width: 407px) 100vw, 407px\" \/><\/figure><\/div>\n\n\n\n<p><strong>L&#8217;histoire de 52 Foil Boards, <\/strong><\/p>\n\n\n\n<p>1952: c&#8217;est \u00e0 cette date que na\u00eet <strong>Brawner Surfboards<\/strong>. Bien plus qu&#8217;une simple marque de surf, c&#8217;est devenu, au fil des ann\u00e9es, une v\u00e9ritable institution en Californie gr\u00e2ce \u00e0 un savoir-faire, une solide&nbsp;exp\u00e9rience dans le&nbsp;shape (collaboration avec les plus grands : Dale Velzy, Gerry Lopez, etc&#8230;) mais surtout cet esprit \u00ab&nbsp;surf&nbsp;\u00bb&nbsp;qui perdure depuis toutes ses ann\u00e9es. Lorsque vous ridez une Brawner vous fa\u00eetes partie de la \u00ab&nbsp;Family&nbsp;\u00bb&nbsp;!<\/p>\n\n\n\n<p>En 2018, <strong>Greg Closier<\/strong> propose une collaboration avec Damian Brawner. L\u2019objectif&nbsp;est de mettre au point des planches de foil performantes&nbsp;tout en conservant l\u2019authenticit\u00e9 de la \u00ab&nbsp;surf culture Californienne&nbsp;\u00bb.&nbsp;Cr\u00e9\u00e9e \u00e0 San Clemente en Californie, 52 Foil Boards est dor\u00e9navant implant\u00e9e en France pour l&#8217;ensemble du march\u00e9 Europ\u00e9en.<\/p>\n\n\n\n<p><\/p>\n\n\n\n<p><\/p>\n\n\n\n<div style=\"height:20px\" aria-hidden=\"true\" class=\"wp-block-spacer\"><\/div>\n\n\n\n<hr class=\"wp-block-separator\"\/>\n\n\n\n<p><\/p>\n\n\n\n<div class=\"wp-block-image\"><figure class=\"alignright size-large is-resized\"><img loading=\"lazy\" src=\"http:\/\/52foilboards.com\/wp-content\/uploads\/2021\/04\/LNN_3264mda-1.jpg\" alt=\"\" class=\"wp-image-320\" width=\"408\" height=\"408\" srcset=\"https:\/\/52foilboards.com\/wp-content\/uploads\/2021\/04\/LNN_3264mda-1.jpg 1000w, https:\/\/52foilboards.com\/wp-content\/uploads\/2021\/04\/LNN_3264mda-1-300x300.jpg 300w, https:\/\/52foilboards.com\/wp-content\/uploads\/2021\/04\/LNN_3264mda-1-150x150.jpg 150w, https:\/\/52foilboards.com\/wp-content\/uploads\/2021\/04\/LNN_3264mda-1-768x768.jpg 768w, https:\/\/52foilboards.com\/wp-content\/uploads\/2021\/04\/LNN_3264mda-1-75x75.jpg 75w, https:\/\/52foilboards.com\/wp-content\/uploads\/2021\/04\/LNN_3264mda-1-116x116.jpg 116w\" sizes=\"(max-width: 408px) 100vw, 408px\" \/><\/figure><\/div>\n\n\n\n<p><strong>L&#8217;esprit de la marque<\/strong><\/p>\n\n\n\n<p>52foil Boards con\u00e7oit des planches 100% d\u00e9di\u00e9es \u00e0 la pratique du foil pour r\u00e9pondre aux attentes des riders passionn\u00e9s m\u00eame les plus exigeants. Chaque mod\u00e8le est con\u00e7u puis finalis\u00e9 au terme d&#8217;une longue phase de recherche et d\u00e9veloppement sur l&#8217;eau afin de garantir les meilleures performances possibles.<\/p>\n\n\n\n<p>Nous proposons une gamme de planches sur-mesure que nous concevons selon les besoins de chaque rider. Le contact, les \u00e9changes entre le shaper\/designer et le\u00a0client sont au coeur de nos pr\u00e9occupations. Nous pensons depuis toujours que c&#8217;est la cl\u00e9 pour aboutir au meilleur r\u00e9sultat possible.\u00a0<\/p>\n\n\n\n<p>Fort de sa grande exp\u00e9rience du Foil sous diff\u00e9rentes formes (vagues, downwind), Greg Closier con\u00e7oit les shapes \u00e0 l\u2019aide du logiciel Shape3D Pro et teste un grand nombre de prototypes. Il sera votre unique interlocuteur pour discuter de votre projet et mettre au point la planche qui vous correspond le mieux.<\/p>\n\n\n\n<div style=\"height:20px\" aria-hidden=\"true\" class=\"wp-block-spacer\"><\/div>\n\n\n\n<hr class=\"wp-block-separator\"\/>\n\n\n\n<div class=\"wp-block-image\"><figure class=\"alignright size-large is-resized\"><img loading=\"lazy\" src=\"http:\/\/52foilboards.com\/wp-content\/uploads\/2021\/04\/shape-1024x1024.jpg\" alt=\"\" class=\"wp-image-306\" width=\"405\" height=\"405\" srcset=\"https:\/\/52foilboards.com\/wp-content\/uploads\/2021\/04\/shape-1024x1024.jpg 1024w, https:\/\/52foilboards.com\/wp-content\/uploads\/2021\/04\/shape-300x300.jpg 300w, https:\/\/52foilboards.com\/wp-content\/uploads\/2021\/04\/shape-150x150.jpg 150w, https:\/\/52foilboards.com\/wp-content\/uploads\/2021\/04\/shape-768x768.jpg 768w, https:\/\/52foilboards.com\/wp-content\/uploads\/2021\/04\/shape-75x75.jpg 75w, https:\/\/52foilboards.com\/wp-content\/uploads\/2021\/04\/shape-116x116.jpg 116w, https:\/\/52foilboards.com\/wp-content\/uploads\/2021\/04\/shape.jpg 1080w\" sizes=\"(max-width: 405px) 100vw, 405px\" \/><\/figure><\/div>\n\n\n\n<p><\/p>\n\n\n\n<p><strong>Le &#8220;made in France&#8221; comme valeur<\/strong><\/p>\n\n\n\n<p>Contrairement \u00e0 la plupart des acteurs du march\u00e9 produisant leurs planches dans les usines de Chine, de Tha\u00eflande, de Tunisie ou du Portugal, 52 Foil Boards a fait le choix du &#8221;made in France&#8221;. <\/p>\n\n\n\n<p>Toutes les planches 52 Foil Boards sont enti\u00e8rement r\u00e9alis\u00e9es en France par nos \u00e9quipes de sp\u00e9cialistes en mat\u00e9riaux composite.  <\/p>\n\n\n\n<p>Ce choix garantit une qualit\u00e9 de fabrication irr\u00e9prochable, une ma\u00eetrise totale des d\u00e9lais d&#8217;approvisionnement, le maintient des emplois sur le territoire et un impact \u00e9cologique infiniment plus faible qu&#8217;en ayant recours au transport international (maritime ou a\u00e9rien). <\/p>\n\n\n\n<div style=\"height:20px\" aria-hidden=\"true\" class=\"wp-block-spacer\"><\/div>\n\n\n\n<p><\/p>\n","protected":false},"excerpt":{"rendered":"<p>L&#8217;histoire de 52 Foil Boards, 1952: c&#8217;est \u00e0 cette date que na\u00eet Brawner Surfboards. Bien plus qu&#8217;une simple marque de surf, c&#8217;est devenu, au fil des ann\u00e9es, une v\u00e9ritable institution en Californie gr\u00e2ce \u00e0 un savoir-faire, une solide&nbsp;exp\u00e9rience dans le&nbsp;shape (collaboration avec les plus grands : Dale Velzy, Gerry Lopez, etc&#8230;) mais surtout cet esprit \u00ab&nbsp;surf&nbsp;\u00bb&nbsp;qui perdure depuis toutes ses ann\u00e9es. Lorsque vous ridez une Brawner vous fa\u00eetes partie de la \u00ab&nbsp;Family&nbsp;\u00bb&nbsp;! En 2018, Greg Closier propose une collaboration avec&hellip;<\/p>\n","protected":false},"author":1,"featured_media":0,"parent":0,"menu_order":0,"comment_status":"closed","ping_status":"closed","template":"","meta":[],"_links":{"self":[{"href":"https:\/\/52foilboards.com\/index.php\/wp-json\/wp\/v2\/pages\/16"}],"collection":[{"href":"https:\/\/52foilboards.com\/index.php\/wp-json\/wp\/v2\/pages"}],"about":[{"href":"https:\/\/52foilboards.com\/index.php\/wp-json\/wp\/v2\/types\/page"}],"author":[{"embeddable":true,"href":"https:\/\/52foilboards.com\/index.php\/wp-json\/wp\/v2\/users\/1"}],"replies":[{"embeddable":true,"href":"https:\/\/52foilboards.com\/index.php\/wp-json\/wp\/v2\/comments?post=16"}],"version-history":[{"count":28,"href":"https:\/\/52foilboards.com\/index.php\/wp-json\/wp\/v2\/pages\/16\/revisions"}],"predecessor-version":[{"id":1123,"href":"https:\/\/52foilboards.com\/index.php\/wp-json\/wp\/v2\/pages\/16\/revisions\/1123"}],"wp:attachment":[{"href":"https:\/\/52foilboards.com\/index.php\/wp-json\/wp\/v2\/media?parent=16"}],"curies":[{"name":"wp","href":"https:\/\/api.w.org\/{rel}","templated":true}]}}