{"id":1361,"date":"2026-01-26T23:26:28","date_gmt":"2026-01-26T22:26:28","guid":{"rendered":"http:\/\/52foilboards.com\/?page_id=1361"},"modified":"2026-01-26T23:45:00","modified_gmt":"2026-01-26T22:45:00","slug":"chop-carver","status":"publish","type":"page","link":"https:\/\/52foilboards.com\/index.php\/chop-carver\/","title":{"rendered":"Chop carver"},"content":{"rendered":"\n<p><\/p>\n\n\n\n<div class=\"alignnormal\"><div id=\"metaslider-id-1368\" style=\"max-width: 1600px;\" class=\"ml-slider-3-20-3 metaslider metaslider-nivo metaslider-1368 ml-slider\">\n    <div id=\"metaslider_container_1368\">\n        <div class='slider-wrapper theme-default'><div class='ribbon'><\/div><div id='metaslider_1368' class='nivoSlider'><img src=\"https:\/\/52foilboards.com\/wp-content\/uploads\/2026\/01\/chop-carver-visuel-v2md-copie.jpg\" height=\"800\" width=\"1600\" title=\"chop carver visuel v2md copie\" alt=\"\" class=\"slider-1368 slide-1370\" \/><img src=\"https:\/\/52foilboards.com\/wp-content\/uploads\/2026\/01\/chop-carver2-md.jpg\" height=\"800\" width=\"1600\" title=\"chop carver2 md\" alt=\"\" class=\"slider-1368 slide-1382\" \/><img src=\"https:\/\/52foilboards.com\/wp-content\/uploads\/2026\/01\/gregP1240360md.jpg\" height=\"800\" width=\"1600\" title=\"gregP1240360+md\" alt=\"\" class=\"slider-1368 slide-1386\" \/><img src=\"https:\/\/52foilboards.com\/wp-content\/uploads\/2026\/01\/LNN_0523.jpg\" height=\"800\" width=\"1600\" title=\"LNN_0523\" alt=\"\" class=\"slider-1368 slide-1391\" \/><img src=\"https:\/\/52foilboards.com\/wp-content\/uploads\/2026\/01\/chop-carver3-md.jpg\" height=\"800\" width=\"1600\" title=\"chop carver3 md\" alt=\"\" class=\"slider-1368 slide-1383\" \/><img src=\"https:\/\/52foilboards.com\/wp-content\/uploads\/2026\/01\/LN5_9133.jpg\" height=\"800\" width=\"1600\" title=\"LN5_9133\" alt=\"\" class=\"slider-1368 slide-1387\" \/><img src=\"https:\/\/52foilboards.com\/wp-content\/uploads\/2026\/01\/LNN_0508.jpg\" height=\"800\" width=\"1600\" title=\"LNN_0508\" alt=\"\" class=\"slider-1368 slide-1390\" \/><img src=\"https:\/\/52foilboards.com\/wp-content\/uploads\/2026\/01\/LN5_9694.jpg\" height=\"800\" width=\"1600\" title=\"LN5_9694\" alt=\"\" class=\"slider-1368 slide-1388\" \/><img src=\"https:\/\/52foilboards.com\/wp-content\/uploads\/2026\/01\/LNN_0561.jpg\" height=\"800\" width=\"1600\" title=\"LNN_0561\" alt=\"\" class=\"slider-1368 slide-1392\" \/><img src=\"https:\/\/52foilboards.com\/wp-content\/uploads\/2026\/01\/gregP1240326md.jpg\" height=\"800\" width=\"1600\" title=\"gregP1240326+md\" alt=\"\" class=\"slider-1368 slide-1385\" \/><\/div><\/div>\n        \n    <\/div>\n<\/div><\/div>\n\n\n\n<p>La Chop Carver est notre nouveau mod\u00e8le de surf foil ultra performant, pour des riders \u00e0 la recherche de courbes radicales ainsi que d&#8217;un pumping rapide et nerveux. Son shape compact et relativement \u00e9pur\u00e9 est terriblement efficace et permet de proposer des dimensions minimalistes pour repousser les limites voire passer au niveau sup\u00e9rieur !<\/p>\n\n\n\n<p>A la diff\u00e9rence de ce que l&#8217;on peut trouver sur le march\u00e9, nous avons con\u00e7u cette planche de fa\u00e7on \u00e0 pouvoir proposer une largeur r\u00e9duite tout en gardant un certain confort de rame. Les tests et les retours d\u00e9montent un vrai gain en termes de maniabilit\u00e9 et de nervosit\u00e9 (notamment au pumping) tout en offrant une rame efficace et un d\u00e9collage rapide gr\u00e2ce \u00e0 sa faible largeur. <\/p>\n\n\n\n<p>La car\u00e8ne est \u00e9galement optimis\u00e9e pour assurer un maximum de glisse \u00e0 la rame et pour pardonner les touchettes en vol gr\u00e2ce aux bevels. Comme sur toutes nos planches, l\u2019arri\u00e8re de la car\u00e8ne est plate (sans rocker) au niveau des bo\u00eetiers US, afin de garantir  une position totalement neutre du foil.<\/p>\n\n\n\n<p>Les boitiers US sont ins\u00e9r\u00e9s dans un bloc de mousse haute densit\u00e9 et b\u00e9n\u00e9ficient d\u2019une construction renforc\u00e9e pour garantir une r\u00e9sistance maximale \u00e0 l\u2019arrachage.<\/p>\n\n\n\n<p>Quelques exemples de dimensions :<\/p>\n\n\n\n<p>4&#8217;0 x 17 &#8211; 28L<\/p>\n\n\n\n<p>4&#8217;3 x 17.5 &#8211; 34L<\/p>\n\n\n\n<p>Disponible sur commande, dimensions adapt\u00e9es au profil du rider.<\/p>\n\n\n\n<p>D\u00e9lais : 4 semaines<\/p>\n\n\n\n<p><strong>Tarif : \u00e0 partir de 1190\u20ac TTC<\/strong><\/p>\n\n\n\n<p><strong>Livraison: +60 \u20ac TTC<\/strong><\/p>\n\n\n\n<p><strong>Autres livraisons: nous consulter pour un devis.<\/strong><\/p>\n\n\n\n<div class=\"wp-block-image\"><figure class=\"aligncenter size-large is-resized\"><img loading=\"lazy\" src=\"https:\/\/52foilboards.com\/wp-content\/uploads\/2026\/01\/visuel-chop-carver-general-v2-copie-1024x364.jpg\" alt=\"\" class=\"wp-image-1362\" width=\"1450\" height=\"515\" srcset=\"https:\/\/52foilboards.com\/wp-content\/uploads\/2026\/01\/visuel-chop-carver-general-v2-copie-1024x364.jpg 1024w, https:\/\/52foilboards.com\/wp-content\/uploads\/2026\/01\/visuel-chop-carver-general-v2-copie-300x107.jpg 300w, https:\/\/52foilboards.com\/wp-content\/uploads\/2026\/01\/visuel-chop-carver-general-v2-copie-768x273.jpg 768w, https:\/\/52foilboards.com\/wp-content\/uploads\/2026\/01\/visuel-chop-carver-general-v2-copie-1536x546.jpg 1536w, https:\/\/52foilboards.com\/wp-content\/uploads\/2026\/01\/visuel-chop-carver-general-v2-copie.jpg 1600w\" sizes=\"(max-width: 1450px) 100vw, 1450px\" \/><\/figure><\/div>\n\n\n\n<div style=\"height:77px\" aria-hidden=\"true\" class=\"wp-block-spacer\"><\/div>\n","protected":false},"excerpt":{"rendered":"<p>La Chop Carver est notre nouveau mod\u00e8le de surf foil ultra performant, pour des riders \u00e0 la recherche de courbes radicales ainsi que d&#8217;un pumping rapide et nerveux. Son shape compact et relativement \u00e9pur\u00e9 est terriblement efficace et permet de proposer des dimensions minimalistes pour repousser les limites voire passer au niveau sup\u00e9rieur ! A la diff\u00e9rence de ce que l&#8217;on peut trouver sur le march\u00e9, nous avons con\u00e7u cette planche de fa\u00e7on \u00e0 pouvoir proposer une largeur r\u00e9duite tout&hellip;<\/p>\n","protected":false},"author":1,"featured_media":0,"parent":0,"menu_order":0,"comment_status":"closed","ping_status":"closed","template":"","meta":[],"_links":{"self":[{"href":"https:\/\/52foilboards.com\/index.php\/wp-json\/wp\/v2\/pages\/1361"}],"collection":[{"href":"https:\/\/52foilboards.com\/index.php\/wp-json\/wp\/v2\/pages"}],"about":[{"href":"https:\/\/52foilboards.com\/index.php\/wp-json\/wp\/v2\/types\/page"}],"author":[{"embeddable":true,"href":"https:\/\/52foilboards.com\/index.php\/wp-json\/wp\/v2\/users\/1"}],"replies":[{"embeddable":true,"href":"https:\/\/52foilboards.com\/index.php\/wp-json\/wp\/v2\/comments?post=1361"}],"version-history":[{"count":7,"href":"https:\/\/52foilboards.com\/index.php\/wp-json\/wp\/v2\/pages\/1361\/revisions"}],"predecessor-version":[{"id":1394,"href":"https:\/\/52foilboards.com\/index.php\/wp-json\/wp\/v2\/pages\/1361\/revisions\/1394"}],"wp:attachment":[{"href":"https:\/\/52foilboards.com\/index.php\/wp-json\/wp\/v2\/media?parent=1361"}],"curies":[{"name":"wp","href":"https:\/\/api.w.org\/{rel}","templated":true}]}}