{"id":1242,"date":"2025-11-19T13:12:43","date_gmt":"2025-11-19T12:12:43","guid":{"rendered":"http:\/\/52foilboards.com\/?page_id=1242"},"modified":"2025-11-26T20:42:00","modified_gmt":"2025-11-26T19:42:00","slug":"sup-foil-dw-camp-sahara","status":"publish","type":"page","link":"https:\/\/52foilboards.com\/index.php\/sup-foil-dw-camp-sahara\/","title":{"rendered":"SUP Foil DW Camp Sahara"},"content":{"rendered":"\n<h2>SUP FOIL DW CAMP SAHARA<\/h2>\n\n\n\n<p><strong><em><a href=\"https:\/\/52foilboards.com\/index.php\/sup-foil-dw-camp-sahara-en\/\">-&gt; Click here for English version <\/a><\/em><\/strong><\/p>\n\n\n\n<p>Greg Closier, coach surf\/sup\/foil dipl\u00f4m\u00e9 du Brevet d\u2019Etat de surf depuis plus de 20 ans, vous propose une exp\u00e9rience unique de foil down wind sur les c\u00f4tes du Sahara Occidental. Le secteur de Dakhla, mondialement connu pour la pratique du kite surf en raison de la r\u00e9gularit\u00e9 et la force du vent, s\u2019av\u00e8re \u00e9galement \u00eatre une excellente zone pour le sup foil dw.<\/p>\n\n\n\n<p>Pendant ce s\u00e9jour (6 jours\/7 nuits) en immersion totale, vous serez encadr\u00e9 par Greg qui mettra \u00e0 votre service toute son exp\u00e9rience et son expertise du sup foil dw. Ce stage s\u2019adresse aux sup foilers avides de dw ayant d\u00e9j\u00e0 une certaine exp\u00e9rience du dw \u00e0 la pagaie ou en parawing.<\/p>\n\n\n\n<div class=\"wp-block-columns\">\n<div class=\"wp-block-column\">\n<figure class=\"wp-block-image size-large\"><img loading=\"lazy\" width=\"1000\" height=\"667\" src=\"https:\/\/52foilboards.com\/wp-content\/uploads\/2025\/11\/CC6A2335-1.jpg\" alt=\"\" class=\"wp-image-1285\" srcset=\"https:\/\/52foilboards.com\/wp-content\/uploads\/2025\/11\/CC6A2335-1.jpg 1000w, https:\/\/52foilboards.com\/wp-content\/uploads\/2025\/11\/CC6A2335-1-300x200.jpg 300w, https:\/\/52foilboards.com\/wp-content\/uploads\/2025\/11\/CC6A2335-1-768x512.jpg 768w, https:\/\/52foilboards.com\/wp-content\/uploads\/2025\/11\/CC6A2335-1-600x400.jpg 600w, https:\/\/52foilboards.com\/wp-content\/uploads\/2025\/11\/CC6A2335-1-174x116.jpg 174w\" sizes=\"(max-width: 1000px) 100vw, 1000px\" \/><\/figure>\n<\/div>\n\n\n\n<div class=\"wp-block-column\">\n<figure class=\"wp-block-image size-large\"><img loading=\"lazy\" width=\"1000\" height=\"667\" src=\"http:\/\/52foilboards.com\/wp-content\/uploads\/2025\/11\/CC6A2271.jpg\" alt=\"\" class=\"wp-image-1244\" srcset=\"https:\/\/52foilboards.com\/wp-content\/uploads\/2025\/11\/CC6A2271.jpg 1000w, https:\/\/52foilboards.com\/wp-content\/uploads\/2025\/11\/CC6A2271-300x200.jpg 300w, https:\/\/52foilboards.com\/wp-content\/uploads\/2025\/11\/CC6A2271-768x512.jpg 768w, https:\/\/52foilboards.com\/wp-content\/uploads\/2025\/11\/CC6A2271-600x400.jpg 600w, https:\/\/52foilboards.com\/wp-content\/uploads\/2025\/11\/CC6A2271-174x116.jpg 174w\" sizes=\"(max-width: 1000px) 100vw, 1000px\" \/><\/figure>\n<\/div>\n<\/div>\n\n\n\n<p>Les objectifs de ce s\u00e9jour sont multiples : prendre un maximum de plaisir, progresser en enchainant plusieurs dizaines de kilom\u00e8tres par jour en toute s\u00e9curit\u00e9 dans une ambiance et un d\u00e9paysement incroyable. <\/p>\n\n\n\n<div class=\"wp-block-columns\">\n<div class=\"wp-block-column\" style=\"flex-basis:33.33%\">\n<h3>Le Logement:<\/h3>\n\n\n\n<p>Durant ce s\u00e9jour, vous serez log\u00e9s \u00e0 l\u2019Ocean Vagabond, un \u00e9colodge situ\u00e9 \u00e0 Lassarga \u00e0 l\u2019extr\u00eame sud de la p\u00e9ninsule de Dakhla. Le trait d\u2019union entre l\u2019oc\u00e9an Atlantique et la lagune, un v\u00e9ritable petit paradis.<\/p>\n\n\n\n<p>Un \u00e9colodge sur un site extraordinaire de par sa nature sauvage et ses paysages, tout en bois, sur pilotis, intimiste et confortable, s\u2019inscrivant dans une d\u00e9marche toujours plus engag\u00e9e de tourisme responsable : \u00c9nergie 100% solaire, toilettes s\u00e8ches, filtration des eaux grises par les plantes, agriculture biologique locale, etc.<\/p>\n\n\n\n<p>La pension compl\u00e8te est non seulement tr\u00e8s pratique en termes d\u2019organisation, c\u2019est \u00e9galement un des atouts de ce trip. En effet les repas propos\u00e9s, sont tout simplement exceptionnels. Le buffet \u00e0 volont\u00e9 est compos\u00e9 de plats vari\u00e9s, tous aussi bons les uns que les autres.<\/p>\n<\/div>\n\n\n\n<div class=\"wp-block-column\" style=\"flex-basis:66.66%\">\n<div class=\"wp-block-columns\">\n<div class=\"wp-block-column\">\n<figure class=\"wp-block-image size-large\"><img loading=\"lazy\" width=\"1024\" height=\"683\" src=\"http:\/\/52foilboards.com\/wp-content\/uploads\/2025\/11\/467244418_18352664716193055_5324339336184744235_n-1024x683.jpg\" alt=\"\" class=\"wp-image-1259\" srcset=\"https:\/\/52foilboards.com\/wp-content\/uploads\/2025\/11\/467244418_18352664716193055_5324339336184744235_n-1024x683.jpg 1024w, https:\/\/52foilboards.com\/wp-content\/uploads\/2025\/11\/467244418_18352664716193055_5324339336184744235_n-300x200.jpg 300w, https:\/\/52foilboards.com\/wp-content\/uploads\/2025\/11\/467244418_18352664716193055_5324339336184744235_n-768x512.jpg 768w, https:\/\/52foilboards.com\/wp-content\/uploads\/2025\/11\/467244418_18352664716193055_5324339336184744235_n-600x400.jpg 600w, https:\/\/52foilboards.com\/wp-content\/uploads\/2025\/11\/467244418_18352664716193055_5324339336184744235_n-174x116.jpg 174w, https:\/\/52foilboards.com\/wp-content\/uploads\/2025\/11\/467244418_18352664716193055_5324339336184744235_n.jpg 1440w\" sizes=\"(max-width: 1024px) 100vw, 1024px\" \/><\/figure>\n<\/div>\n\n\n\n<div class=\"wp-block-column\">\n<figure class=\"wp-block-image size-large\"><img loading=\"lazy\" width=\"1024\" height=\"683\" src=\"http:\/\/52foilboards.com\/wp-content\/uploads\/2025\/11\/470133761_18356060560193055_3078699212759057687_n-1024x683.jpg\" alt=\"\" class=\"wp-image-1252\" srcset=\"https:\/\/52foilboards.com\/wp-content\/uploads\/2025\/11\/470133761_18356060560193055_3078699212759057687_n-1024x683.jpg 1024w, https:\/\/52foilboards.com\/wp-content\/uploads\/2025\/11\/470133761_18356060560193055_3078699212759057687_n-300x200.jpg 300w, https:\/\/52foilboards.com\/wp-content\/uploads\/2025\/11\/470133761_18356060560193055_3078699212759057687_n-768x512.jpg 768w, https:\/\/52foilboards.com\/wp-content\/uploads\/2025\/11\/470133761_18356060560193055_3078699212759057687_n-600x400.jpg 600w, https:\/\/52foilboards.com\/wp-content\/uploads\/2025\/11\/470133761_18356060560193055_3078699212759057687_n-174x116.jpg 174w, https:\/\/52foilboards.com\/wp-content\/uploads\/2025\/11\/470133761_18356060560193055_3078699212759057687_n.jpg 1440w\" sizes=\"(max-width: 1024px) 100vw, 1024px\" \/><\/figure>\n<\/div>\n<\/div>\n\n\n\n<div class=\"wp-block-columns\">\n<div class=\"wp-block-column\">\n<figure class=\"wp-block-image size-large\"><img loading=\"lazy\" width=\"1024\" height=\"683\" src=\"http:\/\/52foilboards.com\/wp-content\/uploads\/2025\/11\/467280098_18352662757193055_1350331970409512056_n-1024x683.jpg\" alt=\"\" class=\"wp-image-1251\" srcset=\"https:\/\/52foilboards.com\/wp-content\/uploads\/2025\/11\/467280098_18352662757193055_1350331970409512056_n-1024x683.jpg 1024w, https:\/\/52foilboards.com\/wp-content\/uploads\/2025\/11\/467280098_18352662757193055_1350331970409512056_n-300x200.jpg 300w, https:\/\/52foilboards.com\/wp-content\/uploads\/2025\/11\/467280098_18352662757193055_1350331970409512056_n-768x512.jpg 768w, https:\/\/52foilboards.com\/wp-content\/uploads\/2025\/11\/467280098_18352662757193055_1350331970409512056_n-600x400.jpg 600w, https:\/\/52foilboards.com\/wp-content\/uploads\/2025\/11\/467280098_18352662757193055_1350331970409512056_n-174x116.jpg 174w, https:\/\/52foilboards.com\/wp-content\/uploads\/2025\/11\/467280098_18352662757193055_1350331970409512056_n.jpg 1440w\" sizes=\"(max-width: 1024px) 100vw, 1024px\" \/><\/figure>\n<\/div>\n\n\n\n<div class=\"wp-block-column\">\n<figure class=\"wp-block-image size-large\"><img loading=\"lazy\" width=\"275\" height=\"183\" src=\"http:\/\/52foilboards.com\/wp-content\/uploads\/2025\/11\/582351670_1435785431885563_4427537844648518422_n.jpg\" alt=\"\" class=\"wp-image-1253\" srcset=\"https:\/\/52foilboards.com\/wp-content\/uploads\/2025\/11\/582351670_1435785431885563_4427537844648518422_n.jpg 275w, https:\/\/52foilboards.com\/wp-content\/uploads\/2025\/11\/582351670_1435785431885563_4427537844648518422_n-174x116.jpg 174w\" sizes=\"(max-width: 275px) 100vw, 275px\" \/><\/figure>\n<\/div>\n<\/div>\n<\/div>\n<\/div>\n\n\n\n<h3>Les conditions et les parcours:<\/h3>\n\n\n\n<p>Le secteur de Dakhla offre un terrain de jeu incroyable. Le climat est tr\u00e8s agr\u00e9able avec une temp\u00e9rature de l\u2019eau \u00e0 22\u00b0C, l\u2019air \u00e0 25\u00b0C toute l\u2019ann\u00e9e et 300 jours de vent par an. La c\u00f4te est constamment balay\u00e9 par des vents N-NE de mars \u00e0 octobre. Cette configuration est id\u00e9ale pour le dw avec un vent qui longe la c\u00f4te.<\/p>\n\n\n\n<div class=\"wp-block-image\"><figure class=\"aligncenter size-large\"><img loading=\"lazy\" width=\"723\" height=\"482\" src=\"http:\/\/52foilboards.com\/wp-content\/uploads\/2025\/11\/map-copie.jpg\" alt=\"\" class=\"wp-image-1255\" srcset=\"https:\/\/52foilboards.com\/wp-content\/uploads\/2025\/11\/map-copie.jpg 723w, https:\/\/52foilboards.com\/wp-content\/uploads\/2025\/11\/map-copie-300x200.jpg 300w, https:\/\/52foilboards.com\/wp-content\/uploads\/2025\/11\/map-copie-600x400.jpg 600w, https:\/\/52foilboards.com\/wp-content\/uploads\/2025\/11\/map-copie-174x116.jpg 174w\" sizes=\"(max-width: 723px) 100vw, 723px\" \/><\/figure><\/div>\n\n\n\n<p><strong>Cot\u00e9 oc\u00e9an : <\/strong>plusieurs options possibles en fonction de conditions m\u00e9t\u00e9o et du niveau du groupe. De 5km \u00e0 70km, mais le parcours principal sera celui de 20km (West Point\/Lassarga). Sur la p\u00e9riode de mai \u00e0 septembre, la houle dominante est une houle courte de secteur NNE, avec tr\u00e8s peu de houle longue. Cette configuration est id\u00e9ale pour le sup foil dw, en effet les bumps sont dans l\u2019axe du vent, parall\u00e8le \u00e0 la c\u00f4te.<\/p>\n\n\n\n<p><strong>Cot\u00e9 lagune :<\/strong> en cas de conditions extr\u00eame (forte houle, vent tr\u00e8s fort ou mal orient\u00e9), nous avons l\u2019option d\u2019aller dans la c\u00e9l\u00e8bre lagune de Dakhla. Les conditions peuvent \u00eatre tr\u00e8s bonnes de type \u00ab bay run \u00bb c\u2019est-\u00e0-dire des bumps plus serr\u00e9s et creux.<\/p>\n\n\n\n<div class=\"wp-block-columns\">\n<div class=\"wp-block-column\">\n<figure class=\"wp-block-image size-large\"><img loading=\"lazy\" width=\"1000\" height=\"667\" src=\"http:\/\/52foilboards.com\/wp-content\/uploads\/2025\/11\/CC6A2161.jpg\" alt=\"\" class=\"wp-image-1243\" srcset=\"https:\/\/52foilboards.com\/wp-content\/uploads\/2025\/11\/CC6A2161.jpg 1000w, https:\/\/52foilboards.com\/wp-content\/uploads\/2025\/11\/CC6A2161-300x200.jpg 300w, https:\/\/52foilboards.com\/wp-content\/uploads\/2025\/11\/CC6A2161-768x512.jpg 768w, https:\/\/52foilboards.com\/wp-content\/uploads\/2025\/11\/CC6A2161-600x400.jpg 600w, https:\/\/52foilboards.com\/wp-content\/uploads\/2025\/11\/CC6A2161-174x116.jpg 174w\" sizes=\"(max-width: 1000px) 100vw, 1000px\" \/><\/figure>\n<\/div>\n\n\n\n<div class=\"wp-block-column\">\n<figure class=\"wp-block-image size-large\"><img loading=\"lazy\" width=\"1024\" height=\"683\" src=\"http:\/\/52foilboards.com\/wp-content\/uploads\/2025\/11\/CC6A2277-1024x683.jpg\" alt=\"\" class=\"wp-image-1258\" srcset=\"https:\/\/52foilboards.com\/wp-content\/uploads\/2025\/11\/CC6A2277-1024x683.jpg 1024w, https:\/\/52foilboards.com\/wp-content\/uploads\/2025\/11\/CC6A2277-300x200.jpg 300w, https:\/\/52foilboards.com\/wp-content\/uploads\/2025\/11\/CC6A2277-768x512.jpg 768w, https:\/\/52foilboards.com\/wp-content\/uploads\/2025\/11\/CC6A2277-1536x1024.jpg 1536w, https:\/\/52foilboards.com\/wp-content\/uploads\/2025\/11\/CC6A2277-2048x1365.jpg 2048w, https:\/\/52foilboards.com\/wp-content\/uploads\/2025\/11\/CC6A2277-600x400.jpg 600w, https:\/\/52foilboards.com\/wp-content\/uploads\/2025\/11\/CC6A2277-174x116.jpg 174w\" sizes=\"(max-width: 1024px) 100vw, 1024px\" \/><\/figure>\n<\/div>\n<\/div>\n\n\n\n<p>L\u2019arriv\u00e9e des dw oc\u00e9aniques se fait directement \u00e0 L\u2019Ocean Vagabond, ce qui facilite beaucoup la logistique. Les dw de la lagune peuvent avoir diff\u00e9rents points d\u2019arriv\u00e9e en fonction des parcours et des conditions.<\/p>\n\n\n\n<p>Chaque parcours a \u00e9t\u00e9 test\u00e9 par Greg afin de garantir un gage de s\u00e9curit\u00e9 et d\u2019accessibilit\u00e9 afin de proposer des sorties adapt\u00e9es aux groupes.<\/p>\n\n\n\n<h3>La s\u00e9curit\u00e9:<\/h3>\n\n\n\n<p>Afin de prendre du plaisir et d\u2019acc\u00e9der \u00e0 la Performance, il est essentiel d\u2019\u00eatre en confiance, ce qui n\u2019est pas forc\u00e9ment \u00e9vident lorsque l\u2019on \u00e9volue dans un milieu qui peut \u00eatre intimidant, hostile et potentiellement dangereux.<\/p>\n\n\n\n<p>L\u2019aspect s\u00e9curit\u00e9 sera la priorit\u00e9 de ce stage. Le mat\u00e9riel de s\u00e9curit\u00e9 sera syst\u00e9matiquement v\u00e9rifi\u00e9 lors de chaque sortie.<\/p>\n\n\n\n<div class=\"wp-block-columns\">\n<div class=\"wp-block-column\">\n<figure class=\"wp-block-image size-large\"><img loading=\"lazy\" width=\"1000\" height=\"667\" src=\"http:\/\/52foilboards.com\/wp-content\/uploads\/2025\/11\/CC6A2175.jpg\" alt=\"\" class=\"wp-image-1257\" srcset=\"https:\/\/52foilboards.com\/wp-content\/uploads\/2025\/11\/CC6A2175.jpg 1000w, https:\/\/52foilboards.com\/wp-content\/uploads\/2025\/11\/CC6A2175-300x200.jpg 300w, https:\/\/52foilboards.com\/wp-content\/uploads\/2025\/11\/CC6A2175-768x512.jpg 768w, https:\/\/52foilboards.com\/wp-content\/uploads\/2025\/11\/CC6A2175-600x400.jpg 600w, https:\/\/52foilboards.com\/wp-content\/uploads\/2025\/11\/CC6A2175-174x116.jpg 174w\" sizes=\"(max-width: 1000px) 100vw, 1000px\" \/><\/figure>\n<\/div>\n\n\n\n<div class=\"wp-block-column\">\n<figure class=\"wp-block-image size-large\"><img loading=\"lazy\" width=\"1024\" height=\"683\" src=\"http:\/\/52foilboards.com\/wp-content\/uploads\/2025\/11\/583476439_1435790235218416_2702565864107394043_n-1024x683.jpg\" alt=\"\" class=\"wp-image-1247\" srcset=\"https:\/\/52foilboards.com\/wp-content\/uploads\/2025\/11\/583476439_1435790235218416_2702565864107394043_n-1024x683.jpg 1024w, https:\/\/52foilboards.com\/wp-content\/uploads\/2025\/11\/583476439_1435790235218416_2702565864107394043_n-300x200.jpg 300w, https:\/\/52foilboards.com\/wp-content\/uploads\/2025\/11\/583476439_1435790235218416_2702565864107394043_n-768x512.jpg 768w, https:\/\/52foilboards.com\/wp-content\/uploads\/2025\/11\/583476439_1435790235218416_2702565864107394043_n-1536x1024.jpg 1536w, https:\/\/52foilboards.com\/wp-content\/uploads\/2025\/11\/583476439_1435790235218416_2702565864107394043_n-600x400.jpg 600w, https:\/\/52foilboards.com\/wp-content\/uploads\/2025\/11\/583476439_1435790235218416_2702565864107394043_n-174x116.jpg 174w, https:\/\/52foilboards.com\/wp-content\/uploads\/2025\/11\/583476439_1435790235218416_2702565864107394043_n.jpg 1728w\" sizes=\"(max-width: 1024px) 100vw, 1024px\" \/><\/figure>\n<\/div>\n<\/div>\n\n\n\n<p>Ne rien laisser au hasard, anticiper, mettre en place des options en fonction des diff\u00e9rents sc\u00e9narios que l\u2019on peut rencontrer.<\/p>\n\n\n\n<p>Une navette \u00e0 terre sera en contact avec l\u2019\u00e9quipe sur l\u2019eau et nous suivra pendant la descente. Un zodiac (en fonction des conditions) pourra \u00e9galement \u00eatre pr\u00e9sent afin de renforcer la s\u00e9curit\u00e9 et afin de faire des images (photos, vid\u00e9os).<\/p>\n\n\n\n<h3>Le programme:<\/h3>\n\n\n\n<p>Les journ\u00e9es seront rythm\u00e9es par les conditions du jour, avec forc\u00e9ment une priorit\u00e9 pour des parcours dw les plus glissants possible.<\/p>\n\n\n\n<p>Exemple de journ\u00e9e type :<\/p>\n\n\n\n<p>&#8211; Petit d\u00e9jeuner<\/p>\n\n\n\n<p>&#8211; Sortie DW ou s\u00e9ance devant le camp (sup foil surf, s\u00e9ance cardio sur la plage, etc\u2026)<\/p>\n\n\n\n<p>&#8211; D\u00e9jeuner<\/p>\n\n\n\n<p>&#8211; Sortie DW<\/p>\n\n\n\n<p>&#8211; Retour\/\u00e9change technique<\/p>\n\n\n\n<p>&#8211; Diner<\/p>\n\n\n\n<p>Comme vous pouvez le constater, les journ\u00e9es peuvent \u00eatre charg\u00e9e avec potentiellement deux sorties DW par jour. Nous sommes vraiment dans une optique de performance et d\u2019optimisation de chaque journ\u00e9e.<\/p>\n\n\n\n<div class=\"wp-block-columns\">\n<div class=\"wp-block-column\">\n<figure class=\"wp-block-image size-large\"><img loading=\"lazy\" width=\"1000\" height=\"667\" src=\"http:\/\/52foilboards.com\/wp-content\/uploads\/2025\/11\/CC6A2349.jpg\" alt=\"\" class=\"wp-image-1261\" srcset=\"https:\/\/52foilboards.com\/wp-content\/uploads\/2025\/11\/CC6A2349.jpg 1000w, https:\/\/52foilboards.com\/wp-content\/uploads\/2025\/11\/CC6A2349-300x200.jpg 300w, https:\/\/52foilboards.com\/wp-content\/uploads\/2025\/11\/CC6A2349-768x512.jpg 768w, https:\/\/52foilboards.com\/wp-content\/uploads\/2025\/11\/CC6A2349-600x400.jpg 600w, https:\/\/52foilboards.com\/wp-content\/uploads\/2025\/11\/CC6A2349-174x116.jpg 174w\" sizes=\"(max-width: 1000px) 100vw, 1000px\" \/><\/figure>\n<\/div>\n\n\n\n<div class=\"wp-block-column\">\n<figure class=\"wp-block-image size-large\"><img loading=\"lazy\" width=\"1000\" height=\"667\" src=\"http:\/\/52foilboards.com\/wp-content\/uploads\/2025\/11\/CC6A2411.jpg\" alt=\"\" class=\"wp-image-1248\" srcset=\"https:\/\/52foilboards.com\/wp-content\/uploads\/2025\/11\/CC6A2411.jpg 1000w, https:\/\/52foilboards.com\/wp-content\/uploads\/2025\/11\/CC6A2411-300x200.jpg 300w, https:\/\/52foilboards.com\/wp-content\/uploads\/2025\/11\/CC6A2411-768x512.jpg 768w, https:\/\/52foilboards.com\/wp-content\/uploads\/2025\/11\/CC6A2411-600x400.jpg 600w, https:\/\/52foilboards.com\/wp-content\/uploads\/2025\/11\/CC6A2411-174x116.jpg 174w\" sizes=\"(max-width: 1000px) 100vw, 1000px\" \/><\/figure>\n<\/div>\n<\/div>\n\n\n\n<h3>L&#8217;expertise du coach:<\/h3>\n\n\n\n<p>Greg sera \u00e0 vos cot\u00e9 sur l\u2019eau afin de vous accompagner au mieux dans votre progression.<\/p>\n\n\n\n<p>&#8211; Travail technique (rame, pumping, glide, virages, posture)<\/p>\n\n\n\n<p>&#8211; Optimisation des trajectoires<\/p>\n\n\n\n<p>&#8211; Compr\u00e9hension du plan d\u2019eau<\/p>\n\n\n\n<p>&#8211; Am\u00e9lioration des qualit\u00e9s physique li\u00e9 \u00e0 l\u2019activit\u00e9 (\u00e9quilibre, cardio, souplesse, respiration)<\/p>\n\n\n\n<p>&#8211; Aspect hors technique : m\u00e9t\u00e9o, parcours, logistique, s\u00e9curit\u00e9<\/p>\n\n\n\n<p>&#8211; Pr\u00e9paration \u00e0 la comp\u00e9tition : strat\u00e9gie, nutrition, etc\u2026<\/p>\n\n\n\n<p>Tous les aspects seront analys\u00e9s afin d\u2019apporter des rem\u00e9diations et ainsi acc\u00e9der au niveau sup\u00e9rieur.<\/p>\n\n\n\n<h3>Les pr\u00e9-requis techniques :<\/h3>\n\n\n\n<p>Ce s\u00e9jour ne s\u2019adresse pas aux d\u00e9butants, il est imp\u00e9ratif de maitriser les bases du dw foil :<\/p>\n\n\n\n<p>&#8211; Etre capable de d\u00e9coller en moins de 15 minutes dans n\u2019importe quelle situation (pagaie ou parawing)<\/p>\n\n\n\n<p>&#8211; Etre capable de voler sur plusieurs km sans faire d\u2019erreur<\/p>\n\n\n\n<p>&#8211; Avoir d\u00e9j\u00e0 r\u00e9alis\u00e9 des parcours d\u2019au moins 10km<\/p>\n\n\n\n<p>&#8211; Etre en bonne forme physique<\/p>\n\n\n\n<div class=\"wp-block-columns\">\n<div class=\"wp-block-column\">\n<figure class=\"wp-block-image size-large\"><img loading=\"lazy\" width=\"1000\" height=\"667\" src=\"http:\/\/52foilboards.com\/wp-content\/uploads\/2025\/11\/CC6A2216.jpg\" alt=\"\" class=\"wp-image-1256\" srcset=\"https:\/\/52foilboards.com\/wp-content\/uploads\/2025\/11\/CC6A2216.jpg 1000w, https:\/\/52foilboards.com\/wp-content\/uploads\/2025\/11\/CC6A2216-300x200.jpg 300w, https:\/\/52foilboards.com\/wp-content\/uploads\/2025\/11\/CC6A2216-768x512.jpg 768w, https:\/\/52foilboards.com\/wp-content\/uploads\/2025\/11\/CC6A2216-600x400.jpg 600w, https:\/\/52foilboards.com\/wp-content\/uploads\/2025\/11\/CC6A2216-174x116.jpg 174w\" sizes=\"(max-width: 1000px) 100vw, 1000px\" \/><\/figure>\n<\/div>\n\n\n\n<div class=\"wp-block-column\">\n<figure class=\"wp-block-image size-large\"><img loading=\"lazy\" width=\"1024\" height=\"683\" src=\"http:\/\/52foilboards.com\/wp-content\/uploads\/2025\/11\/490494177_1212999664165887_9058142074832817419_n-1024x683.jpg\" alt=\"\" class=\"wp-image-1260\" srcset=\"https:\/\/52foilboards.com\/wp-content\/uploads\/2025\/11\/490494177_1212999664165887_9058142074832817419_n-1024x683.jpg 1024w, https:\/\/52foilboards.com\/wp-content\/uploads\/2025\/11\/490494177_1212999664165887_9058142074832817419_n-300x200.jpg 300w, https:\/\/52foilboards.com\/wp-content\/uploads\/2025\/11\/490494177_1212999664165887_9058142074832817419_n-768x512.jpg 768w, https:\/\/52foilboards.com\/wp-content\/uploads\/2025\/11\/490494177_1212999664165887_9058142074832817419_n-1536x1024.jpg 1536w, https:\/\/52foilboards.com\/wp-content\/uploads\/2025\/11\/490494177_1212999664165887_9058142074832817419_n-600x400.jpg 600w, https:\/\/52foilboards.com\/wp-content\/uploads\/2025\/11\/490494177_1212999664165887_9058142074832817419_n-174x116.jpg 174w, https:\/\/52foilboards.com\/wp-content\/uploads\/2025\/11\/490494177_1212999664165887_9058142074832817419_n.jpg 2048w\" sizes=\"(max-width: 1024px) 100vw, 1024px\" \/><\/figure>\n<\/div>\n<\/div>\n\n\n\n<h3>Le mat\u00e9riel \u00e0 pr\u00e9voir:<\/h3>\n\n\n\n<p>&#8211; Board\/pagaie et\/ou parawing\/leash (possibilit\u00e9 d\u2019avoir une board de dw sur place)<\/p>\n\n\n\n<p>&#8211; Combinaison n\u00e9opr\u00e8ne (3\/2mm, shory), chapeau, casquette, cr\u00e8me solaire, etc\u2026<\/p>\n\n\n\n<p>&#8211; Gilet de sauvetage 50N (pas de ceinture gilet)<\/p>\n\n\n\n<p>&#8211; Camel Back<\/p>\n\n\n\n<p>&#8211; Pochette t\u00e9l\u00e9phone \u00e9tanche<\/p>\n\n\n\n<p>&#8211; VHF<\/p>\n\n\n\n<p>&#8211; Petit couteau (style opinel)<\/p>\n\n\n\n<h3>La formule et les dates:<\/h3>\n\n\n\n<div class=\"wp-block-columns\">\n<div class=\"wp-block-column\">\n<p><strong>Ce qui est inclus :<\/strong><\/p>\n\n\n\n<p>&#8211; Navette a\u00e9roport<\/p>\n\n\n\n<p>&#8211; Logement (7 nuits en bungalow 3 pers)<\/p>\n\n\n\n<p>&#8211; Pension compl\u00e8te<\/p>\n\n\n\n<p>&#8211; Coaching<\/p>\n\n\n\n<p>&#8211; Logistique DW<\/p>\n\n\n\n<p>&#8211; Dispositif de s\u00e9curit\u00e9 DW (\u00e9quipe \u00e0 terre, bateau accompagnateur#)<\/p>\n\n\n\n<p>&#8211; Photos\/vid\u00e9os<\/p>\n<\/div>\n\n\n\n<div class=\"wp-block-column\">\n<p><strong>Ce qui n\u2019est pas inclus :<\/strong><\/p>\n\n\n\n<p>&#8211; Vol<\/p>\n\n\n\n<p>&#8211; Extras sur place (excursions, boissons, etc\u2026)<\/p>\n\n\n\n<p>&#8211; Mat\u00e9riel<\/p>\n\n\n\n<p>&#8211; Assurance voyage<\/p>\n<\/div>\n<\/div>\n\n\n\n<h3><strong>Tarif = 1490\u20ac<\/strong> TTC      <\/h3>\n\n\n\n<h4><strong>3 camps programm\u00e9s:<\/strong><\/h4>\n\n\n\n<p><strong>30 mai au 6 juin 2026  \/\/  27 juin au 04 juillet 2026  \/\/  29 aout au 05 septembre 2026<\/strong><\/p>\n\n\n\n<p>Pour tout renseignement et r\u00e9servation, envoyer un message \u00e0<strong> 52foilboards@gmail.com<\/strong><\/p>\n\n\n\n<div style=\"height:56px\" aria-hidden=\"true\" class=\"wp-block-spacer\"><\/div>\n\n\n\n<p><\/p>\n\n\n\n<p><em>&#8220;Si j\u2019ai choisi cette destination pour organiser mes dw camps, c\u2019est parce qu\u2019il y a exactement tout ce que je recherche. Les conditions pour le dw sont id\u00e9ales ; r\u00e9guli\u00e8res et faciles mais avec tout de m\u00eame de quoi ce challenger en fonction de son niveau. De quoi satisfaire les niveaux interm\u00e9diaires tout comme les excellents riders. De plus les conditions d\u2019accueil \u00e0 Ocean Vagabond sont incroyables, on s\u2019y sent tellement bien, c\u2019est un endroit que j\u2019adore !&#8221;<\/em><\/p>\n","protected":false},"excerpt":{"rendered":"<p>SUP FOIL DW CAMP SAHARA -&gt; Click here for English version Greg Closier, coach surf\/sup\/foil dipl\u00f4m\u00e9 du Brevet d\u2019Etat de surf depuis plus de 20 ans, vous propose une exp\u00e9rience unique de foil down wind sur les c\u00f4tes du Sahara Occidental. Le secteur de Dakhla, mondialement connu pour la pratique du kite surf en raison de la r\u00e9gularit\u00e9 et la force du vent, s\u2019av\u00e8re \u00e9galement \u00eatre une excellente zone pour le sup foil dw. Pendant ce s\u00e9jour (6 jours\/7 nuits)&hellip;<\/p>\n","protected":false},"author":1,"featured_media":0,"parent":0,"menu_order":0,"comment_status":"closed","ping_status":"closed","template":"","meta":[],"_links":{"self":[{"href":"https:\/\/52foilboards.com\/index.php\/wp-json\/wp\/v2\/pages\/1242"}],"collection":[{"href":"https:\/\/52foilboards.com\/index.php\/wp-json\/wp\/v2\/pages"}],"about":[{"href":"https:\/\/52foilboards.com\/index.php\/wp-json\/wp\/v2\/types\/page"}],"author":[{"embeddable":true,"href":"https:\/\/52foilboards.com\/index.php\/wp-json\/wp\/v2\/users\/1"}],"replies":[{"embeddable":true,"href":"https:\/\/52foilboards.com\/index.php\/wp-json\/wp\/v2\/comments?post=1242"}],"version-history":[{"count":26,"href":"https:\/\/52foilboards.com\/index.php\/wp-json\/wp\/v2\/pages\/1242\/revisions"}],"predecessor-version":[{"id":1334,"href":"https:\/\/52foilboards.com\/index.php\/wp-json\/wp\/v2\/pages\/1242\/revisions\/1334"}],"wp:attachment":[{"href":"https:\/\/52foilboards.com\/index.php\/wp-json\/wp\/v2\/media?parent=1242"}],"curies":[{"name":"wp","href":"https:\/\/api.w.org\/{rel}","templated":true}]}}