{"id":1052,"date":"2023-08-03T16:12:41","date_gmt":"2023-08-03T14:12:41","guid":{"rendered":"http:\/\/52foilboards.com\/?page_id=1052"},"modified":"2023-08-22T17:53:48","modified_gmt":"2023-08-22T15:53:48","slug":"code-foils","status":"publish","type":"page","link":"https:\/\/52foilboards.com\/index.php\/code-foils\/","title":{"rendered":"Code Foils"},"content":{"rendered":"\n<div class=\"wp-block-image\"><figure class=\"aligncenter size-large is-resized\"><img loading=\"lazy\" src=\"http:\/\/52foilboards.com\/wp-content\/uploads\/2023\/08\/logo.jpg\" alt=\"\" class=\"wp-image-1062\" width=\"443\" height=\"187\" srcset=\"https:\/\/52foilboards.com\/wp-content\/uploads\/2023\/08\/logo.jpg 451w, https:\/\/52foilboards.com\/wp-content\/uploads\/2023\/08\/logo-300x126.jpg 300w, https:\/\/52foilboards.com\/wp-content\/uploads\/2023\/08\/logo-228x96.jpg 228w\" sizes=\"(max-width: 443px) 100vw, 443px\" \/><\/figure><\/div>\n\n\n\n<p><strong>52 Foilboards<\/strong> est heureux de pr\u00e9senter l&#8217;ensemble des produits de la marque australienne <strong>Code Foils <\/strong>et d&#8217;en devenir le revendeur exclusif pour la France. <\/p>\n\n\n\n<p>Fond\u00e9e par les fr\u00e8res <strong>Ben et Marcus Tardrew<\/strong>, le designer <strong>Dan Juengling<\/strong> ainsi que le c\u00e9l\u00e8bre rider pro <strong>James Casey<\/strong>, la marque Code Foils propose des foils 100% carbone qui excellent en surf-foil, SUP-foil, downwind et wing. A d\u00e9couvrir et essayer rapidement !  Toutes les infos sur ce lien :<\/p>\n\n\n\n<h1 class=\"has-text-align-center\"><strong><a href=\"https:\/\/codefoils.fr\/\" data-type=\"URL\" data-id=\"https:\/\/codefoils.fr\/\">Codefoils.fr<\/a><\/strong><\/h1>\n\n\n\n<div class=\"wp-block-image\"><figure class=\"aligncenter size-large is-resized\"><img loading=\"lazy\" src=\"http:\/\/52foilboards.com\/wp-content\/uploads\/2023\/08\/james.png\" alt=\"\" class=\"wp-image-1053\" width=\"857\" height=\"480\" srcset=\"https:\/\/52foilboards.com\/wp-content\/uploads\/2023\/08\/james.png 1024w, https:\/\/52foilboards.com\/wp-content\/uploads\/2023\/08\/james-300x168.png 300w, https:\/\/52foilboards.com\/wp-content\/uploads\/2023\/08\/james-768x430.png 768w, https:\/\/52foilboards.com\/wp-content\/uploads\/2023\/08\/james-207x116.png 207w\" sizes=\"(max-width: 857px) 100vw, 857px\" \/><\/figure><\/div>\n\n\n\n<div class=\"wp-block-image\"><figure class=\"aligncenter size-large is-resized\"><img loading=\"lazy\" src=\"http:\/\/52foilboards.com\/wp-content\/uploads\/2023\/08\/Screen-Shot-2023-03-31-at-6.29_edited-1024x703-1.jpg\" alt=\"\" class=\"wp-image-1059\" width=\"856\" height=\"587\" srcset=\"https:\/\/52foilboards.com\/wp-content\/uploads\/2023\/08\/Screen-Shot-2023-03-31-at-6.29_edited-1024x703-1.jpg 1024w, https:\/\/52foilboards.com\/wp-content\/uploads\/2023\/08\/Screen-Shot-2023-03-31-at-6.29_edited-1024x703-1-300x206.jpg 300w, https:\/\/52foilboards.com\/wp-content\/uploads\/2023\/08\/Screen-Shot-2023-03-31-at-6.29_edited-1024x703-1-768x527.jpg 768w, https:\/\/52foilboards.com\/wp-content\/uploads\/2023\/08\/Screen-Shot-2023-03-31-at-6.29_edited-1024x703-1-169x116.jpg 169w\" sizes=\"(max-width: 856px) 100vw, 856px\" \/><\/figure><\/div>\n\n\n\n<div class=\"wp-block-image\"><figure class=\"aligncenter size-large is-resized\"><img loading=\"lazy\" src=\"http:\/\/52foilboards.com\/wp-content\/uploads\/2023\/08\/Code-Foils-Marcus-Surfing-edited.jpg\" alt=\"\" class=\"wp-image-1061\" width=\"858\" height=\"482\" srcset=\"https:\/\/52foilboards.com\/wp-content\/uploads\/2023\/08\/Code-Foils-Marcus-Surfing-edited.jpg 1000w, https:\/\/52foilboards.com\/wp-content\/uploads\/2023\/08\/Code-Foils-Marcus-Surfing-edited-300x169.jpg 300w, https:\/\/52foilboards.com\/wp-content\/uploads\/2023\/08\/Code-Foils-Marcus-Surfing-edited-768x432.jpg 768w, https:\/\/52foilboards.com\/wp-content\/uploads\/2023\/08\/Code-Foils-Marcus-Surfing-edited-206x116.jpg 206w\" sizes=\"(max-width: 858px) 100vw, 858px\" \/><\/figure><\/div>\n\n\n\n<p><\/p>\n","protected":false},"excerpt":{"rendered":"<p>52 Foilboards est heureux de pr\u00e9senter l&#8217;ensemble des produits de la marque australienne Code Foils et d&#8217;en devenir le revendeur exclusif pour la France. Fond\u00e9e par les fr\u00e8res Ben et Marcus Tardrew, le designer Dan Juengling ainsi que le c\u00e9l\u00e8bre rider pro James Casey, la marque Code Foils propose des foils 100% carbone qui excellent en surf-foil, SUP-foil, downwind et wing. A d\u00e9couvrir et essayer rapidement ! Toutes les infos sur ce lien : Codefoils.fr<\/p>\n","protected":false},"author":1,"featured_media":0,"parent":0,"menu_order":0,"comment_status":"closed","ping_status":"closed","template":"","meta":[],"_links":{"self":[{"href":"https:\/\/52foilboards.com\/index.php\/wp-json\/wp\/v2\/pages\/1052"}],"collection":[{"href":"https:\/\/52foilboards.com\/index.php\/wp-json\/wp\/v2\/pages"}],"about":[{"href":"https:\/\/52foilboards.com\/index.php\/wp-json\/wp\/v2\/types\/page"}],"author":[{"embeddable":true,"href":"https:\/\/52foilboards.com\/index.php\/wp-json\/wp\/v2\/users\/1"}],"replies":[{"embeddable":true,"href":"https:\/\/52foilboards.com\/index.php\/wp-json\/wp\/v2\/comments?post=1052"}],"version-history":[{"count":14,"href":"https:\/\/52foilboards.com\/index.php\/wp-json\/wp\/v2\/pages\/1052\/revisions"}],"predecessor-version":[{"id":1091,"href":"https:\/\/52foilboards.com\/index.php\/wp-json\/wp\/v2\/pages\/1052\/revisions\/1091"}],"wp:attachment":[{"href":"https:\/\/52foilboards.com\/index.php\/wp-json\/wp\/v2\/media?parent=1052"}],"curies":[{"name":"wp","href":"https:\/\/api.w.org\/{rel}","templated":true}]}}